{"id":1170,"date":"2017-05-04T14:58:20","date_gmt":"2017-05-04T14:58:20","guid":{"rendered":"http:\/\/www.petersenhardrahtpruggmayer.de\/?page_id=1170"},"modified":"2026-02-05T12:10:55","modified_gmt":"2026-02-05T12:10:55","slug":"impressum-neu","status":"publish","type":"page","link":"https:\/\/petersenpartners.de\/en\/impressum-neu\/","title":{"rendered":"Legal Notice"},"content":{"rendered":"<p>petersenpartners Rechtsanw\u00e4lte Steuerberater Unternehmensberater Partnerschaft mit beschr\u00e4nkter Berufshaftung<\/p>\n<p>Merkurhaus<br \/>\nPetersstra\u00dfe 50<br \/>\nD-04109 Leipzig<\/p>\n<p>T <a href=\"tel:+493413558210\"> +49 (0) 341 3558210<\/a><br \/>\nF <a href=\"tel:+4934135582130\">+49 (0) 341 35582130<\/a><br \/>\nE <a href=\"mailto:info(at)petersenpartners.de\">info(at)petersenpartners.de<\/a><br \/>\nwww.petersenpartners.de<\/p>\n<p>German VAT ID No. DE279619223<\/p>\n<p>petersenpartners Rechtsanw\u00e4lte Steuerberater Unternehmensberater Partnerschaft mit beschr\u00e4nkter Berufshaftung and its partners are registered in the partnership register of the Leipzig Local Court under PR 157. The company is based in Leipzig. Authorized partners are: Dr. J\u00f6rdis Ambach, Dr. Markus Bach, Olaf B\u00f6ttcher, Eckhart Braun, Prof. Dr. G\u00f6tz Br\u00fcckner, Angelika Gransow, Oliver Hempel, Dr. Iris Henkel, Joachim Kloos, Michael Kubach, Dr. Nikolaus Petersen, and Steffen Pruggmayer.<\/p>\n<p>Responsible for journalistic and editorial content in accordance with Section 18 (2) of the German Press Advertising Law (MStV): Steffen Pruggmayer.<\/p>\n<p>All lawyers at petersenpartners Rechtsanw\u00e4lte Steuerberater Unternehmensberater Partnerschaft mit beschr\u00e4nkter Berufshaftung are licensed to practice law in the Federal Republic of Germany and are members of the Saxony Bar Association, Glacisstra\u00dfe 6, 01099 Dresden.<\/p>\n<p>The following professional regulations apply, which can be viewed and accessed in German and English on the homepage of the German Federal Bar Association (www.brak.de) under the heading \u201cBerufsrecht\u201d (Professional Law):<\/p>\n<ul>\n<li>BRAO \u2013 Federal Lawyers&#8217; Act<\/li>\n<li>BORA \u2013 Professional Code of Conduct for Lawyers<\/li>\n<li>FAO \u2013 Specialist Lawyers&#8217; Code<\/li>\n<li>RVG \u2013 Lawyers&#8217; Fees Act<\/li>\n<li>CCBE \u2013 Professional Rules of Conduct for Lawyers in the European Community<\/li>\n<li>EuRAG \u2013 Act on the Activities of European Lawyers in Germany<\/li>\n<\/ul>\n<p>All tax advisors at petersenpartners Rechtsanw\u00e4lte Steuerberater Unternehmensberater Partnerschaft mit beschr\u00e4nkter Berufshaftung are licensed as tax advisors under the laws of the Federal Republic of Germany and are members of the Chamber of Tax Advisors of the Free State of Saxony, Emil-Fuchs-Str. 2, 04105 Leipzig.<\/p>\n<p>The following professional regulations apply, which can be viewed and accessed on the homepage of the German Federal Chamber of Tax Advisors (<a href=\"http:\/\/www.bstbk.de\" target=\"_blank\" rel=\"noopener noreferrer\">www.bstbk.de<\/a>) under the heading \u201cDer Steuerberater\u201d (The Tax Advisor) and there under \u201cBerufsrecht\u201d (Professional Law):<\/p>\n<ul>\n<li>StBerG \u2013 Tax Advisor Act<\/li>\n<li>DVStB \u2013 Implementing Regulation for the Tax Advisory Act<\/li>\n<li>StBGebV \u2013 Tax Advisor Fees Regulation<\/li>\n<li>BOStB \u2013 Professional Code of Conduct of the Federal Chamber of Tax Consultants<\/li>\n<\/ul>\n<p>Professional liability insurance is provided by AXA Versicherung AG, Colonia-Allee 10-20, 51067 Cologne. The geographical scope of the insurance cover extends to the entire territory of the European Union and the European Economic Area (EEA).<\/p>\n<p>The competent consumer arbitration board for property disputes arising from a client relationship is the Arbitration Board of the German Bar Association, Neue Gr\u00fcnstra\u00dfe 17, 10179 Berlin, <a href=\"http:\/\/www.schlichtungsstelle-der-rechtsanwaltschaft.de\" target=\"_blank\" rel=\"noopener noreferrer\">www.schlichtungsstelle-der-rechtsanwaltschaft.de<\/a>. petersenpartnerd is generally willing to participate in dispute resolution proceedings before the Arbitration Board of the German Bar Association.<\/p>\n<p>petersenpartners is not responsible and accepts no liability for the content of external websites to which direct or indirect reference is made via hyperlinks and over whose content petersenpartners has no influence.<\/p>\n<p>Technical implementation and support:\u00a0<a target=\"_blank\" href=\"http:\/\/www.konvis.de\/\">KonVis.de<\/a><\/p>\n<p>Web design:\u00a0<a target=\"_blank\" href=\"https:\/\/zitronengrau.design\/\">Zitronengrau.design<\/a><\/p>","protected":false},"excerpt":{"rendered":"<p>petersenpartners Rechtsanw\u00e4lte Steuerberater Unternehmensberater Partnerschaft mit beschr\u00e4nkter Berufshaftung Merkurhaus Petersstra\u00dfe 50 D-04109 Leipzig T +49 (0) 341 3558210 F +49 (0) 341 35582130 E info(at)petersenpartners.de www.petersenpartners.de German VAT ID No. DE279619223 petersenpartners Rechtsanw\u00e4lte Steuerberater Unternehmensberater Partnerschaft mit beschr\u00e4nkter Berufshaftung and its partners are registered in the partnership register of the Leipzig Local Court under PR &#8230;. <a class=\"read-more\" href=\"https:\/\/petersenpartners.de\/en\/impressum-neu\/\">Continue reading &#8211;  Legal Notice \u2192 <\/a><\/p>\n","protected":false},"author":1,"featured_media":0,"parent":0,"menu_order":0,"comment_status":"closed","ping_status":"closed","template":"","meta":{"_acf_changed":false,"footnotes":""},"class_list":["post-1170","page","type-page","status-publish","hentry"],"acf":[],"_links":{"self":[{"href":"https:\/\/petersenpartners.de\/en\/wp-json\/wp\/v2\/pages\/1170","targetHints":{"allow":["GET"]}}],"collection":[{"href":"https:\/\/petersenpartners.de\/en\/wp-json\/wp\/v2\/pages"}],"about":[{"href":"https:\/\/petersenpartners.de\/en\/wp-json\/wp\/v2\/types\/page"}],"author":[{"embeddable":true,"href":"https:\/\/petersenpartners.de\/en\/wp-json\/wp\/v2\/users\/1"}],"replies":[{"embeddable":true,"href":"https:\/\/petersenpartners.de\/en\/wp-json\/wp\/v2\/comments?post=1170"}],"version-history":[{"count":10,"href":"https:\/\/petersenpartners.de\/en\/wp-json\/wp\/v2\/pages\/1170\/revisions"}],"predecessor-version":[{"id":7049,"href":"https:\/\/petersenpartners.de\/en\/wp-json\/wp\/v2\/pages\/1170\/revisions\/7049"}],"wp:attachment":[{"href":"https:\/\/petersenpartners.de\/en\/wp-json\/wp\/v2\/media?parent=1170"}],"curies":[{"name":"wp","href":"https:\/\/api.w.org\/{rel}","templated":true}]}}