{"id":79,"date":"2015-12-09T07:41:25","date_gmt":"2015-12-09T07:41:25","guid":{"rendered":"http:\/\/dev-petersenpartners.de\/?page_id=79"},"modified":"2021-10-21T12:16:59","modified_gmt":"2021-10-21T12:16:59","slug":"karriere","status":"publish","type":"page","link":"https:\/\/petersenpartners.de\/de\/ueber-uns\/karriere\/","title":{"rendered":"Karriere"},"content":{"rendered":"<p><\/p>\n<h1 class=\"blue\">Karriere<\/h1>\n<p>F\u00fcr uns ist es wichtig, dass sich unsere Mitarbeiter bei uns wohlf\u00fchlen und sich als Gemeinschaft verstehen, in der sich jeder auf den anderen verlassen und bestm\u00f6glich entwickeln kann. Nur mit zufriedenen Mitarbeitern schaffen wir es, f\u00fcr unsere Mandanten die bestm\u00f6glichen Leistungen zu erbringen.<\/p>\n<p>Wir bieten unseren Mitarbeitern eine offene, freundliche und stark von Teamarbeit gepr\u00e4gte Arbeitsatmosph\u00e4re ohne hierarchische Strukturen. Unsere Teamarbeit und unser Teamgeist machen uns erfolgreich.<\/p>\n<p>Wir sch\u00e4tzen die Individualit\u00e4t und Vielfalt unserer Mitarbeiter. Niemand muss sich verbiegen, um zu unserem Team zu geh\u00f6ren. Wir f\u00f6rdern die F\u00e4higkeiten jedes einzelnen unserer Mitarbeiter nach seinen individuellen Bed\u00fcrfnissen durch gezielte Aus- und Fortbildung. Wir bieten unseren Mitarbeitern die M\u00f6glichkeit, Verantwortung zu \u00fcbernehmen und schaffen f\u00fcr sie berufliche Perspektiven. Jede Anw\u00e4ltin und jeder Anwalt bzw. jede Steuerberaterin und jeder Steuerberater hat die M\u00f6glichkeit, Partner bei uns zu werden.<\/p>\n<p>Work-Live-Balance ist bei uns nicht nur eine Floskel, sondern sie wird bei uns gelebt. Wir legen Wert auf ein ausgewogenes Verh\u00e4ltnis zwischen beruflichem Engagement und Privatleben. Wir bieten unseren Mitarbeitern Teilzeitarbeit, flexible Arbeitszeiten, die M\u00f6glichkeit der Arbeit von zu Hause aus und Auszeiten (Sabbaticals) an, die in ihre Lebenskonzepte und zu ihrer famili\u00e4ren Situation passen.<\/p>\n<p>Wir freuen uns darauf, Sie kennen zu lernen!<\/p>","protected":false},"excerpt":{"rendered":"<p>Karriere F\u00fcr uns ist es wichtig, dass sich unsere Mitarbeiter bei uns wohlf\u00fchlen und sich als Gemeinschaft verstehen, in der sich jeder auf den anderen verlassen und bestm\u00f6glich entwickeln kann. Nur mit zufriedenen Mitarbeitern schaffen wir es, f\u00fcr unsere Mandanten die bestm\u00f6glichen Leistungen zu erbringen. Wir bieten unseren Mitarbeitern eine offene, freundliche und stark von &#8230;. <a class=\"read-more\" href=\"https:\/\/petersenpartners.de\/de\/ueber-uns\/karriere\/\">weiterlesen &#8211;  Karriere \u2192 <\/a><\/p>\n","protected":false},"author":1,"featured_media":0,"parent":12,"menu_order":0,"comment_status":"closed","ping_status":"closed","template":"page-career.php","meta":{"_acf_changed":false,"footnotes":""},"class_list":["post-79","page","type-page","status-publish","hentry"],"acf":[],"_links":{"self":[{"href":"https:\/\/petersenpartners.de\/de\/wp-json\/wp\/v2\/pages\/79","targetHints":{"allow":["GET"]}}],"collection":[{"href":"https:\/\/petersenpartners.de\/de\/wp-json\/wp\/v2\/pages"}],"about":[{"href":"https:\/\/petersenpartners.de\/de\/wp-json\/wp\/v2\/types\/page"}],"author":[{"embeddable":true,"href":"https:\/\/petersenpartners.de\/de\/wp-json\/wp\/v2\/users\/1"}],"replies":[{"embeddable":true,"href":"https:\/\/petersenpartners.de\/de\/wp-json\/wp\/v2\/comments?post=79"}],"version-history":[{"count":51,"href":"https:\/\/petersenpartners.de\/de\/wp-json\/wp\/v2\/pages\/79\/revisions"}],"predecessor-version":[{"id":5357,"href":"https:\/\/petersenpartners.de\/de\/wp-json\/wp\/v2\/pages\/79\/revisions\/5357"}],"up":[{"embeddable":true,"href":"https:\/\/petersenpartners.de\/de\/wp-json\/wp\/v2\/pages\/12"}],"wp:attachment":[{"href":"https:\/\/petersenpartners.de\/de\/wp-json\/wp\/v2\/media?parent=79"}],"curies":[{"name":"wp","href":"https:\/\/api.w.org\/{rel}","templated":true}]}}