{"id":786,"date":"2016-01-20T17:59:45","date_gmt":"2016-01-20T17:59:45","guid":{"rendered":"http:\/\/www.petersenhardrahtpruggmayer.de\/?page_id=786"},"modified":"2026-01-20T13:18:47","modified_gmt":"2026-01-20T13:18:47","slug":"referendare","status":"publish","type":"page","link":"https:\/\/petersenpartners.de\/de\/ueber-uns\/karriere\/referendare\/","title":{"rendered":"Referendare"},"content":{"rendered":"<p>&nbsp;<br \/>\nAn unseren Standorten in Chemnitz, Dresden und Leipzig bilden wir regelm\u00e4\u00dfig Referendare und Referendarinnen im Rahmen der Anwalts- oder Wahlstation aus und freuen uns, wenn Sie sich mit uns juristischen Herausforderungen stellen und in einem kollegialen Umfeld das spannende T\u00e4tigkeitsfeld eines Wirtschaftsrechtsanwalts entdecken wollen.<br \/>\n&nbsp;<\/p>\n<p><strong>WAS SIE BEI UNS ERWARTET:<\/strong><\/p>\n<p>&nbsp;<br \/>\nWir bieten Ihnen eine professionelle Anleitung und Ausbildung. Sie k\u00f6nnen bei uns den Berufsalltag des Wirtschaftsrechtsanwalts am lebenden Fall kennenlernen. Sofern Sie bereits eine Spezialisierung auf eine bestimmtes, in unserer Kanzlei praktiziertes Rechtsgebiet vorweisen k\u00f6nnen oder ein besonderes Interesse an einem bestimmten T\u00e4tigkeitsfeld mit praktischen Kenntnissen vertiefen m\u00f6chten, werden wir gemeinsam die Schwerpunktsetzung Ihrer praktischen Arbeit in unserer Kanzlei entsprechend ausrichten.<br \/>\n&nbsp;<br \/>\nWir bieten Ihnen ein hochmodernes Arbeitsumfeld und eine kollegiale Arbeitsatmosph\u00e4re. Weiterhin unterst\u00fctzen wir Sie bei individuellen Weiterbildungen. Selbstverst\u00e4ndlich k\u00f6nnen Sie Ihre Anwesenheitszeiten so arrangieren, dass sie sich mit Ihrer Ausbildung in den Arbeitsgemeinschaften und Ihrer Examensvorbereitung vereinbaren lassen.<br \/>\n&nbsp;<br \/>\n<strong>WAS WIR VON IHNEN ERWARTEN:<\/strong><br \/>\n&nbsp;<br \/>\nSie haben das erste Staatsexamen mit \u00fcberdurchschnittlichem Ergebnis absolviert und sind auf der Suche nach einer Anwalts- oder Wahlstation. Idealerweise verf\u00fcgen Sie \u00fcber Verst\u00e4ndnis f\u00fcr wirtschaftliche Zusammenh\u00e4nge. Gute Englischkenntnisse, Teamgeist und Spa\u00df an anspruchsvoller juristischer Arbeit runden Ihr Profil ab.<br \/>\n&nbsp;<br \/>\nBitte richten Sie Ihre aussagekr\u00e4ftige Bewerbung per Email<br \/>\n&nbsp;<br \/>\nf\u00fcr den Standort <strong>Chemnitz <\/strong>an: o.boettcher@petersenpartners.de<br \/>\n&nbsp;<br \/>\nf\u00fcr den Standort <strong>Dresden <\/strong>an: j.kloos@petersenpartners.de<br \/>\n&nbsp;<br \/>\nf\u00fcr den Standort <strong>Leipzig <\/strong>an: s.hanke@petersenpartners.de<\/p>\n","protected":false},"excerpt":{"rendered":"<p>&nbsp; An unseren Standorten in Chemnitz, Dresden und Leipzig bilden wir regelm\u00e4\u00dfig Referendare und Referendarinnen im Rahmen der Anwalts- oder Wahlstation aus und freuen uns, wenn Sie sich mit uns juristischen Herausforderungen stellen und in einem kollegialen Umfeld das spannende T\u00e4tigkeitsfeld eines Wirtschaftsrechtsanwalts entdecken wollen. &nbsp; WAS SIE BEI UNS ERWARTET: &nbsp; Wir bieten Ihnen &#8230;. <a class=\"read-more\" href=\"https:\/\/petersenpartners.de\/de\/ueber-uns\/karriere\/referendare\/\">weiterlesen &#8211;  Referendare \u2192 <\/a><\/p>\n","protected":false},"author":1,"featured_media":0,"parent":79,"menu_order":0,"comment_status":"closed","ping_status":"closed","template":"page-tax.php","meta":{"_acf_changed":false,"footnotes":""},"class_list":["post-786","page","type-page","status-publish","hentry"],"acf":[],"_links":{"self":[{"href":"https:\/\/petersenpartners.de\/de\/wp-json\/wp\/v2\/pages\/786","targetHints":{"allow":["GET"]}}],"collection":[{"href":"https:\/\/petersenpartners.de\/de\/wp-json\/wp\/v2\/pages"}],"about":[{"href":"https:\/\/petersenpartners.de\/de\/wp-json\/wp\/v2\/types\/page"}],"author":[{"embeddable":true,"href":"https:\/\/petersenpartners.de\/de\/wp-json\/wp\/v2\/users\/1"}],"replies":[{"embeddable":true,"href":"https:\/\/petersenpartners.de\/de\/wp-json\/wp\/v2\/comments?post=786"}],"version-history":[{"count":10,"href":"https:\/\/petersenpartners.de\/de\/wp-json\/wp\/v2\/pages\/786\/revisions"}],"predecessor-version":[{"id":7014,"href":"https:\/\/petersenpartners.de\/de\/wp-json\/wp\/v2\/pages\/786\/revisions\/7014"}],"up":[{"embeddable":true,"href":"https:\/\/petersenpartners.de\/de\/wp-json\/wp\/v2\/pages\/79"}],"wp:attachment":[{"href":"https:\/\/petersenpartners.de\/de\/wp-json\/wp\/v2\/media?parent=786"}],"curies":[{"name":"wp","href":"https:\/\/api.w.org\/{rel}","templated":true}]}}