{"id":7121,"date":"2026-04-08T10:32:38","date_gmt":"2026-04-08T10:32:38","guid":{"rendered":"https:\/\/petersenpartners.de\/de\/?page_id=7121"},"modified":"2026-04-13T08:15:59","modified_gmt":"2026-04-13T08:15:59","slug":"datenschutzhinweise","status":"publish","type":"page","link":"https:\/\/petersenpartners.de\/de\/datenschutzerklaerung\/ds-teams\/","title":{"rendered":"Datenschutzhinweise Teams"},"content":{"rendered":"<p><\/p>\n<h3>Datenschutzhinweise<\/h3>\n<p>gem\u00e4\u00df Art. 13 DSGVO f\u00fcr die Nutzung von Microsoft Teams<\/p>\n<p>Im Rahmen unserer dienstlichen T\u00e4tigkeit nutzen wir Microsoft Teams f\u00fcr die Durchf\u00fchrung von Online-Meetings, Videokonferenzen und Webinaren. Mit diesen Datenschutzhinweisen informieren wir Sie gem\u00e4\u00df Art. 13 der Datenschutz-Grundverordnung (DSGVO) \u00fcber die Verarbeitung Ihrer personenbezogenen Daten im Zusammenhang mit der Nutzung von Microsoft Teams.<\/p>\n<p>&nbsp;<\/p>\n<h3><strong>1. Verantwortlicher<\/strong><\/h3>\n<table width=\"602\">\n<tbody>\n<tr>\n<td width=\"187\"><strong>Unternehmen:<\/strong><\/td>\n<td width=\"415\">petersenpartners Rechtsanw\u00e4lte Steuerberater Partnerschaft mit beschr\u00e4nkter Berufshaftung<\/td>\n<\/tr>\n<tr>\n<td width=\"187\"><strong>Kontakt:<\/strong><\/td>\n<td width=\"415\">Petersstra\u00dfe 50<\/p>\n<p>04109 Leipzig<\/p>\n<p>info@petersenpartners.de<\/td>\n<\/tr>\n<tr>\n<td width=\"187\"><strong>Datenschutzbeauftragter:<\/strong><\/td>\n<td width=\"415\">datenschutz@petersenpartners.de<\/td>\n<\/tr>\n<\/tbody>\n<\/table>\n<p>&nbsp;<\/p>\n<p>&nbsp;<\/p>\n<p><\/p>","protected":false},"excerpt":{"rendered":"<p>Datenschutzhinweise gem\u00e4\u00df Art. 13 DSGVO f\u00fcr die Nutzung von Microsoft Teams Im Rahmen unserer dienstlichen T\u00e4tigkeit nutzen wir Microsoft Teams f\u00fcr die Durchf\u00fchrung von Online-Meetings, Videokonferenzen und Webinaren. Mit diesen Datenschutzhinweisen informieren wir Sie gem\u00e4\u00df Art. 13 der Datenschutz-Grundverordnung (DSGVO) \u00fcber die Verarbeitung Ihrer personenbezogenen Daten im Zusammenhang mit der Nutzung von Microsoft Teams. &nbsp; &#8230;. <a class=\"read-more\" href=\"https:\/\/petersenpartners.de\/de\/datenschutzerklaerung\/ds-teams\/\">weiterlesen &#8211;  Datenschutzhinweise Teams \u2192 <\/a><\/p>\n","protected":false},"author":1,"featured_media":0,"parent":693,"menu_order":0,"comment_status":"closed","ping_status":"closed","template":"page-tax.php","meta":{"_acf_changed":false,"footnotes":""},"class_list":["post-7121","page","type-page","status-publish","hentry"],"acf":[],"_links":{"self":[{"href":"https:\/\/petersenpartners.de\/de\/wp-json\/wp\/v2\/pages\/7121","targetHints":{"allow":["GET"]}}],"collection":[{"href":"https:\/\/petersenpartners.de\/de\/wp-json\/wp\/v2\/pages"}],"about":[{"href":"https:\/\/petersenpartners.de\/de\/wp-json\/wp\/v2\/types\/page"}],"author":[{"embeddable":true,"href":"https:\/\/petersenpartners.de\/de\/wp-json\/wp\/v2\/users\/1"}],"replies":[{"embeddable":true,"href":"https:\/\/petersenpartners.de\/de\/wp-json\/wp\/v2\/comments?post=7121"}],"version-history":[{"count":10,"href":"https:\/\/petersenpartners.de\/de\/wp-json\/wp\/v2\/pages\/7121\/revisions"}],"predecessor-version":[{"id":7132,"href":"https:\/\/petersenpartners.de\/de\/wp-json\/wp\/v2\/pages\/7121\/revisions\/7132"}],"up":[{"embeddable":true,"href":"https:\/\/petersenpartners.de\/de\/wp-json\/wp\/v2\/pages\/693"}],"wp:attachment":[{"href":"https:\/\/petersenpartners.de\/de\/wp-json\/wp\/v2\/media?parent=7121"}],"curies":[{"name":"wp","href":"https:\/\/api.w.org\/{rel}","templated":true}]}}