{"id":693,"date":"2016-01-11T08:40:55","date_gmt":"2016-01-11T08:40:55","guid":{"rendered":"http:\/\/www.petersenhardrahtpruggmayer.de\/?page_id=693"},"modified":"2026-01-20T09:52:56","modified_gmt":"2026-01-20T09:52:56","slug":"datenschutzerklaerung","status":"publish","type":"page","link":"https:\/\/petersenpartners.de\/de\/datenschutzerklaerung\/","title":{"rendered":"Datenschutzerkl\u00e4rung"},"content":{"rendered":"<p><\/p>\n<h3>A. Einleitung<\/h3>\n<p>petersenpartners legt besonderen Wert darauf, dass bei der Nutzung unserer Angebote und der Inanspruchnahme unserer Leistungen Ihre Privatsph\u00e4re gewahrt bleibt. Die Einhaltung der gesetzlichen Bestimmungen zum Schutz Ihrer personenbezogenen Daten, insbesondere der Datenschutz-Grundverordnung (DS-GVO) ist deshalb f\u00fcr uns selbstverst\u00e4ndlich.<\/p>\n<p>&nbsp;<\/p>\n<p>Diese Datenschutzerkl\u00e4rung (Stand 25.04.2019) enth\u00e4lt n\u00e4here Informationen zu unserem Umgang mit Ihren personenbezogenen Daten. Durch die Weiterentwicklung unserer Webseite und unserer Angebote oder aufgrund ge\u00e4nderter gesetzlicher bzw. beh\u00f6rdlicher Vorgaben kann es notwendig werden, diese Erkl\u00e4rung zu \u00e4ndern. Die jeweils aktuelle Version kann jederzeit auf unserer Webseite abgerufen und ausgedruckt werden.<\/p>","protected":false},"excerpt":{"rendered":"<p>A. Einleitung petersenpartners legt besonderen Wert darauf, dass bei der Nutzung unserer Angebote und der Inanspruchnahme unserer Leistungen Ihre Privatsph\u00e4re gewahrt bleibt. Die Einhaltung der gesetzlichen Bestimmungen zum Schutz Ihrer personenbezogenen Daten, insbesondere der Datenschutz-Grundverordnung (DS-GVO) ist deshalb f\u00fcr uns selbstverst\u00e4ndlich. &nbsp; Diese Datenschutzerkl\u00e4rung (Stand 25.04.2019) enth\u00e4lt n\u00e4here Informationen zu unserem Umgang mit Ihren personenbezogenen &#8230;. <a class=\"read-more\" href=\"https:\/\/petersenpartners.de\/de\/datenschutzerklaerung\/\">weiterlesen &#8211;  Datenschutzerkl\u00e4rung \u2192 <\/a><\/p>\n","protected":false},"author":1,"featured_media":0,"parent":0,"menu_order":0,"comment_status":"closed","ping_status":"closed","template":"page-tax.php","meta":{"_acf_changed":false,"footnotes":""},"class_list":["post-693","page","type-page","status-publish","hentry"],"acf":[],"_links":{"self":[{"href":"https:\/\/petersenpartners.de\/de\/wp-json\/wp\/v2\/pages\/693","targetHints":{"allow":["GET"]}}],"collection":[{"href":"https:\/\/petersenpartners.de\/de\/wp-json\/wp\/v2\/pages"}],"about":[{"href":"https:\/\/petersenpartners.de\/de\/wp-json\/wp\/v2\/types\/page"}],"author":[{"embeddable":true,"href":"https:\/\/petersenpartners.de\/de\/wp-json\/wp\/v2\/users\/1"}],"replies":[{"embeddable":true,"href":"https:\/\/petersenpartners.de\/de\/wp-json\/wp\/v2\/comments?post=693"}],"version-history":[{"count":10,"href":"https:\/\/petersenpartners.de\/de\/wp-json\/wp\/v2\/pages\/693\/revisions"}],"predecessor-version":[{"id":7009,"href":"https:\/\/petersenpartners.de\/de\/wp-json\/wp\/v2\/pages\/693\/revisions\/7009"}],"wp:attachment":[{"href":"https:\/\/petersenpartners.de\/de\/wp-json\/wp\/v2\/media?parent=693"}],"curies":[{"name":"wp","href":"https:\/\/api.w.org\/{rel}","templated":true}]}}