{"id":6482,"date":"2025-02-03T12:21:01","date_gmt":"2025-02-03T12:21:01","guid":{"rendered":"https:\/\/www.petersenhardrahtpruggmayer.de\/de\/?page_id=6482"},"modified":"2026-01-20T08:10:45","modified_gmt":"2026-01-20T08:10:45","slug":"hinweisgebersystem","status":"publish","type":"page","link":"https:\/\/petersenpartners.de\/de\/hinweisgebersystem\/","title":{"rendered":"Hinweisgebersystem"},"content":{"rendered":"<p><\/p>\n<h1>Hinweisgebersystem<\/h1>\n<p>Vertrauen, Transparenz und Integrit\u00e4t sind zentrale Werte von petersenpartners. Daher bieten wir \u2013 in Zusammenarbeit mit unserem Partner, der whistle.law GmbH \u2013 eine sichere M\u00f6glichkeit zur Meldung von Verst\u00f6\u00dfen und Missst\u00e4nde. Unser Hinweisgebersystem (interne Meldestelle) erm\u00f6glicht es Mitarbeitenden, Mandanten und externen Partnern, vertraulich und auf Wunsch anonym Hinweise zu \u00fcbermitteln.<\/p>\n<h3>Was kann gemeldet werden?<\/h3>\n<p>\u00dcber unsere Hinweisgebersystem k\u00f6nnen Sie insbesondere Meldungen zu folgenden Themen einreichen:<\/p>\n<p>&#8211; Unregelm\u00e4\u00dfigkeiten im Wirtschaftsverkehr (Korruption, Betrug, Wettbewerbsverst\u00f6\u00dfe)<br \/>\n&#8211; Interessenkonflikte<br \/>\n&#8211; Geldw\u00e4sche<br \/>\n&#8211; Verst\u00f6\u00dfe gegen Datenschutzbestimmungen<br \/>\n&#8211; Bel\u00e4stigung und Diskriminierung<br \/>\n&#8211; Verst\u00f6\u00dfe gegen berufsrechtliche Vorschriften<br \/>\n&#8211; Menschenrechtsverletzungen innerhalb der Lieferkette<br \/>\n&#8211; Umweltbezogene Verst\u00f6\u00dfe<\/p>\n<h3>Vertraulichkeit und Schutz der Hinweisgebenden<\/h3>\n<p>Der Schutz Ihrer Identit\u00e4t hat f\u00fcr uns oberste Priorit\u00e4t. Alle eingehenden Meldungen werden streng vertraulich behandelt und nach den geltenden rechtlichen Vorgaben gepr\u00fcft. Auf Wunsch k\u00f6nnen Hinweise auch anonym abgegeben werden.<\/p>\n<h3>Meldung einreichen<\/h3>\n<p>Wenn Sie einen Versto\u00df melden m\u00f6chten finden Sie hier den entsprechenden Zugang:<\/p>\n<p><a href=\"https:\/\/whistle.law\/whistle\/#\/487c58ec-bb96-4129-8dec-b84ea5187227\" target=\"_blank\" rel=\"noopener\">Hier klicken<\/a><\/p>\n<p><\/p>","protected":false},"excerpt":{"rendered":"<p>Hinweisgebersystem Vertrauen, Transparenz und Integrit\u00e4t sind zentrale Werte von petersenpartners. Daher bieten wir \u2013 in Zusammenarbeit mit unserem Partner, der whistle.law GmbH \u2013 eine sichere M\u00f6glichkeit zur Meldung von Verst\u00f6\u00dfen und Missst\u00e4nde. Unser Hinweisgebersystem (interne Meldestelle) erm\u00f6glicht es Mitarbeitenden, Mandanten und externen Partnern, vertraulich und auf Wunsch anonym Hinweise zu \u00fcbermitteln. Was kann gemeldet werden? &#8230;. <a class=\"read-more\" href=\"https:\/\/petersenpartners.de\/de\/hinweisgebersystem\/\">weiterlesen &#8211;  Hinweisgebersystem \u2192 <\/a><\/p>\n","protected":false},"author":1,"featured_media":0,"parent":0,"menu_order":0,"comment_status":"closed","ping_status":"closed","template":"","meta":{"_acf_changed":false,"footnotes":""},"class_list":["post-6482","page","type-page","status-publish","hentry"],"acf":[],"_links":{"self":[{"href":"https:\/\/petersenpartners.de\/de\/wp-json\/wp\/v2\/pages\/6482","targetHints":{"allow":["GET"]}}],"collection":[{"href":"https:\/\/petersenpartners.de\/de\/wp-json\/wp\/v2\/pages"}],"about":[{"href":"https:\/\/petersenpartners.de\/de\/wp-json\/wp\/v2\/types\/page"}],"author":[{"embeddable":true,"href":"https:\/\/petersenpartners.de\/de\/wp-json\/wp\/v2\/users\/1"}],"replies":[{"embeddable":true,"href":"https:\/\/petersenpartners.de\/de\/wp-json\/wp\/v2\/comments?post=6482"}],"version-history":[{"count":10,"href":"https:\/\/petersenpartners.de\/de\/wp-json\/wp\/v2\/pages\/6482\/revisions"}],"predecessor-version":[{"id":7007,"href":"https:\/\/petersenpartners.de\/de\/wp-json\/wp\/v2\/pages\/6482\/revisions\/7007"}],"wp:attachment":[{"href":"https:\/\/petersenpartners.de\/de\/wp-json\/wp\/v2\/media?parent=6482"}],"curies":[{"name":"wp","href":"https:\/\/api.w.org\/{rel}","templated":true}]}}