{"id":480,"date":"2015-12-29T19:40:52","date_gmt":"2015-12-29T19:40:52","guid":{"rendered":"http:\/\/dev-petersenpartners.de\/?page_id=480"},"modified":"2018-12-06T08:06:49","modified_gmt":"2018-12-06T08:06:49","slug":"unternehmens-und-vermoegensnachfolge","status":"publish","type":"page","link":"https:\/\/petersenpartners.de\/de\/kompetenzen\/steuerberatung\/unternehmens-und-vermoegensnachfolge\/","title":{"rendered":"Unternehmens- und Verm\u00f6gensnachfolge"},"content":{"rendered":"<p>Eine vorausschauende Planung und eine wohl\u00fcberlegte Ausgestaltung der Nachfolge ist ein wesentlicher Baustein f\u00fcr die wirtschaftliche Zukunft eines Unternehmens: Mitarbeiter, Kunden, Lieferanten und andere Vertragspartner sowie Banken profitieren von einer soliden rechtlichen, steuerlichen und kaufm\u00e4nnischen Begleitung der Nachfolgeplanung durch PETERSEN HARDRAHT PRUGGMAYER. Wir verstehen unsere Aufgabe auch darin, das erarbeitete Verm\u00f6gen einer Unternehmer-Familie zu wahren und damit das k\u00fcnftige gedeihliche famili\u00e4re Miteinander zu bef\u00f6rdern.<\/p>\n<p>Die Nachfolgeberatung von PETERSEN HARDRAHT PRUGGMAYER bezieht neben steuerrechtlichen Aspekten insbesondere Fragen des <a href=\"\/kompetenzen\/rechtsgebiete\/unternehmens-und-vermoegensnachfolge-sowie-erbrecht\/\">Erbrechts<\/a>, des <a href=\"\/kompetenzen\/rechtsgebiete\/gesellschaftsrecht\/\">Gesellschaftsrechts<\/a> und des <a href=\"\/kompetenzen\/rechtsgebiete\/stiftungsrecht\/\">Stiftungsrechts<\/a> ein. Unsere Gestaltungsvorschl\u00e4ge zielen auf m\u00f6glichst praktikable und flexible L\u00f6sungen ab, die von langfristigem Bestand sind.<\/p>\n<p>Eine gute Nachfolgeberatung setzt in jedem Fall gro\u00dfes Einf\u00fchlungsverm\u00f6gen voraus und verlangt Verst\u00e4ndnis f\u00fcr die individuelle Situation der an der Nachfolge Beteiligten. Deswegen moderieren wir mit gro\u00dfer Empathie und umfassender Erfahrung im Bedarfsfall die notwendigen Gespr\u00e4che zur Nachfolge zwischen den Familienmitgliedern sowie weiteren Beteiligten. Dar\u00fcber hinaus stehen einzelne Partner von PETERSEN HARDRAHT PRUGGMAYER auch als Testamentsvollstrecker zur Verf\u00fcgung.<\/p>","protected":false},"excerpt":{"rendered":"<p>Eine vorausschauende Planung und eine wohl\u00fcberlegte Ausgestaltung der Nachfolge ist ein wesentlicher Baustein f\u00fcr die wirtschaftliche Zukunft eines Unternehmens: Mitarbeiter, Kunden, Lieferanten und andere Vertragspartner sowie Banken profitieren von einer soliden rechtlichen, steuerlichen und kaufm\u00e4nnischen Begleitung der Nachfolgeplanung durch PETERSEN HARDRAHT PRUGGMAYER. Wir verstehen unsere Aufgabe auch darin, das erarbeitete Verm\u00f6gen einer Unternehmer-Familie zu wahren &#8230;. <a class=\"read-more\" href=\"https:\/\/petersenpartners.de\/de\/kompetenzen\/steuerberatung\/unternehmens-und-vermoegensnachfolge\/\">weiterlesen &#8211;  Unternehmens- und Verm\u00f6gensnachfolge \u2192 <\/a><\/p>\n","protected":false},"author":1,"featured_media":0,"parent":22,"menu_order":0,"comment_status":"closed","ping_status":"closed","template":"page-tax.php","meta":{"_acf_changed":false,"footnotes":""},"class_list":["post-480","page","type-page","status-publish","hentry"],"acf":[],"_links":{"self":[{"href":"https:\/\/petersenpartners.de\/de\/wp-json\/wp\/v2\/pages\/480","targetHints":{"allow":["GET"]}}],"collection":[{"href":"https:\/\/petersenpartners.de\/de\/wp-json\/wp\/v2\/pages"}],"about":[{"href":"https:\/\/petersenpartners.de\/de\/wp-json\/wp\/v2\/types\/page"}],"author":[{"embeddable":true,"href":"https:\/\/petersenpartners.de\/de\/wp-json\/wp\/v2\/users\/1"}],"replies":[{"embeddable":true,"href":"https:\/\/petersenpartners.de\/de\/wp-json\/wp\/v2\/comments?post=480"}],"version-history":[{"count":7,"href":"https:\/\/petersenpartners.de\/de\/wp-json\/wp\/v2\/pages\/480\/revisions"}],"predecessor-version":[{"id":3071,"href":"https:\/\/petersenpartners.de\/de\/wp-json\/wp\/v2\/pages\/480\/revisions\/3071"}],"up":[{"embeddable":true,"href":"https:\/\/petersenpartners.de\/de\/wp-json\/wp\/v2\/pages\/22"}],"wp:attachment":[{"href":"https:\/\/petersenpartners.de\/de\/wp-json\/wp\/v2\/media?parent=480"}],"curies":[{"name":"wp","href":"https:\/\/api.w.org\/{rel}","templated":true}]}}