{"id":478,"date":"2015-12-29T19:39:38","date_gmt":"2015-12-29T19:39:38","guid":{"rendered":"http:\/\/dev-petersenpartners.de\/?page_id=478"},"modified":"2018-12-06T08:06:10","modified_gmt":"2018-12-06T08:06:10","slug":"unternehmenstransaktionen","status":"publish","type":"page","link":"https:\/\/petersenpartners.de\/de\/kompetenzen\/steuerberatung\/unternehmenstransaktionen\/","title":{"rendered":"Unternehmenstransaktionen"},"content":{"rendered":"<p>Beim Verkauf oder Erwerb eines Unternehmens sind steuerliche Aspekte ein zentraler Faktor f\u00fcr die Kaufpreisbildung. Die Besteuerung von Unternehmenstransaktionen will rechtzeitig, umfassend und vor allem rechtssicher betrachtet werden: So kann der Verk\u00e4ufer eines Unternehmens oftmals den erzielbaren Nettogewinn allein dadurch erh\u00f6hen, in dem die Unternehmensstruktur rechtzeitig vor der Transaktion steuerlich optimiert wurde. Dem Erwerber eines Unternehmens ist regelm\u00e4\u00dfig daran gelegen, seinen Finanzierungsaufwand f\u00fcr den Kauf so zu gestalten, dass dieser beg\u00fcnstigend in die Berechnung der Steuerquote einflie\u00dft.<\/p>\n<p>Weiterhin sollte auch ein sp\u00e4terer Ausstieg aus einer unternehmerischen Beteiligung rechtzeitig bedacht werden, in dem bereits beim Erwerb rechtlich geeignete und steueroptimierte Exit-Strukturen f\u00fcr den Fall des Wiederverkaufs oder einer geplanten Unternehmensnachfolge geschaffen werden.<\/p>\n<p>Unsere steuerlichen Berater entwickeln gemeinsam mit den auf <a href=\"\/kompetenzen\/rechtsgebiete\/gesellschaftsrecht\/\">Gesellschaftsrecht<\/a> und <a href=\"\/kompetenzen\/rechtsgebiete\/ma-transaktionen\/\">M&amp;A \/ Transaktionen<\/a> spezialisierten anwaltlichen Kollegen von PETERSEN HARDRAHT PRUGGMAYER erfolgreich die entsprechenden, auf den jeweiligen Fall bezogenen Konzepte.<\/p>\n<p>Die so gefundenen L\u00f6sungen zur steuerlichen Optimierung der Transaktionsstrukturen sichern wir durch die Abstimmungen mit der Finanzverwaltung ab, insbesondere im Rahmen von verbindlichen Ausk\u00fcnften. Ferner begleiten wir unsere Mandanten bei den Verhandlungen zwischen den Transaktionsparteien. Die Unterst\u00fctzung unserer Mandanten bei der Umsetzung der gew\u00e4hlten Struktur durch geeignete rechtliche und organisatorische Ma\u00dfnahmen geh\u00f6rt f\u00fcr uns genauso zum Leistungsumfang wie die Erstellung aller erforderlichen Vereinbarungen und Dokumente im Rahmen der jeweiligen Transaktion.<\/p>","protected":false},"excerpt":{"rendered":"<p>Beim Verkauf oder Erwerb eines Unternehmens sind steuerliche Aspekte ein zentraler Faktor f\u00fcr die Kaufpreisbildung. Die Besteuerung von Unternehmenstransaktionen will rechtzeitig, umfassend und vor allem rechtssicher betrachtet werden: So kann der Verk\u00e4ufer eines Unternehmens oftmals den erzielbaren Nettogewinn allein dadurch erh\u00f6hen, in dem die Unternehmensstruktur rechtzeitig vor der Transaktion steuerlich optimiert wurde. Dem Erwerber eines &#8230;. <a class=\"read-more\" href=\"https:\/\/petersenpartners.de\/de\/kompetenzen\/steuerberatung\/unternehmenstransaktionen\/\">weiterlesen &#8211;  Unternehmenstransaktionen \u2192 <\/a><\/p>\n","protected":false},"author":1,"featured_media":0,"parent":22,"menu_order":0,"comment_status":"closed","ping_status":"closed","template":"page-tax.php","meta":{"_acf_changed":false,"footnotes":""},"class_list":["post-478","page","type-page","status-publish","hentry"],"acf":[],"_links":{"self":[{"href":"https:\/\/petersenpartners.de\/de\/wp-json\/wp\/v2\/pages\/478","targetHints":{"allow":["GET"]}}],"collection":[{"href":"https:\/\/petersenpartners.de\/de\/wp-json\/wp\/v2\/pages"}],"about":[{"href":"https:\/\/petersenpartners.de\/de\/wp-json\/wp\/v2\/types\/page"}],"author":[{"embeddable":true,"href":"https:\/\/petersenpartners.de\/de\/wp-json\/wp\/v2\/users\/1"}],"replies":[{"embeddable":true,"href":"https:\/\/petersenpartners.de\/de\/wp-json\/wp\/v2\/comments?post=478"}],"version-history":[{"count":5,"href":"https:\/\/petersenpartners.de\/de\/wp-json\/wp\/v2\/pages\/478\/revisions"}],"predecessor-version":[{"id":3070,"href":"https:\/\/petersenpartners.de\/de\/wp-json\/wp\/v2\/pages\/478\/revisions\/3070"}],"up":[{"embeddable":true,"href":"https:\/\/petersenpartners.de\/de\/wp-json\/wp\/v2\/pages\/22"}],"wp:attachment":[{"href":"https:\/\/petersenpartners.de\/de\/wp-json\/wp\/v2\/media?parent=478"}],"curies":[{"name":"wp","href":"https:\/\/api.w.org\/{rel}","templated":true}]}}