{"id":472,"date":"2015-12-29T19:36:44","date_gmt":"2015-12-29T19:36:44","guid":{"rendered":"http:\/\/dev-petersenpartners.de\/?page_id=472"},"modified":"2022-04-08T09:15:33","modified_gmt":"2022-04-08T09:15:33","slug":"strafbefreiende-selbstanzeigen-und-nacherklaerungen","status":"publish","type":"page","link":"https:\/\/petersenpartners.de\/de\/kompetenzen\/steuerberatung\/strafbefreiende-selbstanzeigen-und-nacherklaerungen\/","title":{"rendered":"Strafbefreiende Selbstanzeigen und Nacherkl\u00e4rungen"},"content":{"rendered":"<p>In den vergangenen Jahren hat die Zahl der strafrechtlichen Steuer-Ermittlungsverfahren erheblich zugenommen; nicht zuletzt bef\u00f6rdert durch staatlichen Ankauf entsprechender interner Datens\u00e4tze von Finanzinstituten. Steuerhinterziehung ist, unabh\u00e4ngig von der H\u00f6he der hinterzogenen Steuern, kein Kavaliersdelikt. Entsprechend unnachgiebig gehen Steuerfahndung und die Bu\u00dfgeld- und Strafsachenstellen der Finanzbeh\u00f6rden gegen mutma\u00dfliche steuerliche Straftatbest\u00e4nde vor, indem deutlich schneller entsprechende Ermittlungsverfahren er\u00f6ffnet werden.<\/p>\n<p>PETERSEN HARDRAHT PRUGGMAYER steht in solchen F\u00e4llen f\u00fcr eine rasche und professionelle Beratung zur Verf\u00fcgung, insbesondere auch bei der Erstellung strafbefreiender Selbstanzeigen. Gerade in diesem Bereich ist ein hohes Ma\u00df an Fachkenntnis und Erfahrung notwendig. Jeder Fall wird einer gesonderten rechtlichen und steuerlichen W\u00fcrdigung unterzogen.<\/p>\n<p>Die Berater bei PETERSEN HARDRAHT PRUGGMAYER greifen dabei auf die Expertise in den Bereichen des Einkommen-, Umsatz-, Erbschaft- und Schenkungssteuerrechts sowie im Gesellschaftsrecht und Handelsrecht zur\u00fcck. Bei der strafrechtlichen Bewertung arbeiten wir eng mit erfahrenen Strafverteidigern zusammen.<\/p>\n<p>Eine fach\u00fcbergreifende Betreuung ist auch bei der Nacherkl\u00e4rung unerl\u00e4sslich, denn die Abgabenordnung stellt in diesen F\u00e4llen sehr hohe Anforderungen: Die Nacherkl\u00e4rung muss vollst\u00e4ndig sein und rechtzeitig erfolgen. Dar\u00fcber hinaus sind auch s\u00e4mtliche Jahresabschl\u00fcsse, Bilanzen und Steuererkl\u00e4rungen zu pr\u00fcfen und m\u00f6glicherweise zu berichtigen oder zu erg\u00e4nzen. Hier verst\u00e4rken wir unsere Expertise wirksam durch den fachlichen Rat unserer Schwestergesellschaft PETERSEN HARDRAHT PRUGGMAYER Steuerberatungsgesellschaft mbH &amp; Co. KG.<\/p>","protected":false},"excerpt":{"rendered":"<p>In den vergangenen Jahren hat die Zahl der strafrechtlichen Steuer-Ermittlungsverfahren erheblich zugenommen; nicht zuletzt bef\u00f6rdert durch staatlichen Ankauf entsprechender interner Datens\u00e4tze von Finanzinstituten. Steuerhinterziehung ist, unabh\u00e4ngig von der H\u00f6he der hinterzogenen Steuern, kein Kavaliersdelikt. Entsprechend unnachgiebig gehen Steuerfahndung und die Bu\u00dfgeld- und Strafsachenstellen der Finanzbeh\u00f6rden gegen mutma\u00dfliche steuerliche Straftatbest\u00e4nde vor, indem deutlich schneller entsprechende Ermittlungsverfahren &#8230;. <a class=\"read-more\" href=\"https:\/\/petersenpartners.de\/de\/kompetenzen\/steuerberatung\/strafbefreiende-selbstanzeigen-und-nacherklaerungen\/\">weiterlesen &#8211;  Strafbefreiende Selbstanzeigen und Nacherkl\u00e4rungen \u2192 <\/a><\/p>\n","protected":false},"author":1,"featured_media":0,"parent":22,"menu_order":0,"comment_status":"closed","ping_status":"closed","template":"page-tax.php","meta":{"_acf_changed":false,"footnotes":""},"class_list":["post-472","page","type-page","status-publish","hentry"],"acf":[],"_links":{"self":[{"href":"https:\/\/petersenpartners.de\/de\/wp-json\/wp\/v2\/pages\/472","targetHints":{"allow":["GET"]}}],"collection":[{"href":"https:\/\/petersenpartners.de\/de\/wp-json\/wp\/v2\/pages"}],"about":[{"href":"https:\/\/petersenpartners.de\/de\/wp-json\/wp\/v2\/types\/page"}],"author":[{"embeddable":true,"href":"https:\/\/petersenpartners.de\/de\/wp-json\/wp\/v2\/users\/1"}],"replies":[{"embeddable":true,"href":"https:\/\/petersenpartners.de\/de\/wp-json\/wp\/v2\/comments?post=472"}],"version-history":[{"count":7,"href":"https:\/\/petersenpartners.de\/de\/wp-json\/wp\/v2\/pages\/472\/revisions"}],"predecessor-version":[{"id":4904,"href":"https:\/\/petersenpartners.de\/de\/wp-json\/wp\/v2\/pages\/472\/revisions\/4904"}],"up":[{"embeddable":true,"href":"https:\/\/petersenpartners.de\/de\/wp-json\/wp\/v2\/pages\/22"}],"wp:attachment":[{"href":"https:\/\/petersenpartners.de\/de\/wp-json\/wp\/v2\/media?parent=472"}],"curies":[{"name":"wp","href":"https:\/\/api.w.org\/{rel}","templated":true}]}}