{"id":470,"date":"2015-12-29T19:34:52","date_gmt":"2015-12-29T19:34:52","guid":{"rendered":"http:\/\/dev-petersenpartners.de\/?page_id=470"},"modified":"2018-12-06T08:08:42","modified_gmt":"2018-12-06T08:08:42","slug":"rechtsbehelfs-und-finanzgerichtsverfahren","status":"publish","type":"page","link":"https:\/\/petersenpartners.de\/de\/kompetenzen\/steuerberatung\/rechtsbehelfs-und-finanzgerichtsverfahren\/","title":{"rendered":"Rechtsbehelfs- und Finanzgerichtsverfahren"},"content":{"rendered":"<p>Unternehmen und Finanzverwaltung haben oft unterschiedliche Auffassungen, wie steuerliche Sachverhalte zu betrachten sind. Ein Rechtsbehelf (Einspruch) gegen einen Steuerbescheid kann ein wirksames Mittel sein, eine f\u00fcr das Unternehmen vorteilhafte Betrachtung der Sachverhalte durchzusetzen. Naturgem\u00e4\u00df strebt auch die Finanzverwaltung danach, das aus ihrer Sicht bestm\u00f6gliche Ergebnis zu erzielen.<\/p>\n<p>In diesem Spannungsfeld bietet PETERSEN HARDRAHT PRUGGMAYER die notwendige fachliche Expertise, um mit den Rechtbehelfsstellen in den Finanzverwaltungen zu einer sinnvollen L\u00f6sung zu kommen. Eine Begleitung schon von Beginn einer streitigen Steuerfrage an kann insbesondere dann zielf\u00fchrend sein, wenn der Sachverhalt erhebliche Auswirkungen auf das Unternehmen haben k\u00f6nnte und deshalb sp\u00e4ter Klageverfahren vor den Finanzgerichten bis hin zum Bundesfinanzhof m\u00f6glich oder unvermeidbar erscheinen.<br \/>\nErfolgreiche Rechtsbehelfs- und Finanzgerichtsverfahren setzen eine umfassende Pr\u00fcfung und nachvollziehbare Darstellung der streitigen Steuerfragen sowie eine profunde Kenntnis des materiellen Steuerrecht und des Verfahrensrechts (Abgabenordnung und Finanzgerichtsordnung) voraus.<\/p>\n<p>Unsere steuerlichen Berater verf\u00fcgen \u00fcber langj\u00e4hrige Erfahrungen bei der F\u00fchrung au\u00dfergerichtlicher und gerichtlicher Steuerverfahren. Sie werden h\u00e4ufig auch von anderen Steuerberatern beauftragt, Rechtsbehelfs- oder Finanzgerichtsverfahren zu f\u00fchren. Dabei ist es f\u00fcr PETERSEN HARDRAHT PRUGGMAYER selbstverst\u00e4ndlich, die direkte Mandatsbeziehungen zwischen diesen Steuerberatern und deren Mandanten uneingeschr\u00e4nkt zu wahren.<\/p>","protected":false},"excerpt":{"rendered":"<p>Unternehmen und Finanzverwaltung haben oft unterschiedliche Auffassungen, wie steuerliche Sachverhalte zu betrachten sind. Ein Rechtsbehelf (Einspruch) gegen einen Steuerbescheid kann ein wirksames Mittel sein, eine f\u00fcr das Unternehmen vorteilhafte Betrachtung der Sachverhalte durchzusetzen. Naturgem\u00e4\u00df strebt auch die Finanzverwaltung danach, das aus ihrer Sicht bestm\u00f6gliche Ergebnis zu erzielen. In diesem Spannungsfeld bietet PETERSEN HARDRAHT PRUGGMAYER die &#8230;. <a class=\"read-more\" href=\"https:\/\/petersenpartners.de\/de\/kompetenzen\/steuerberatung\/rechtsbehelfs-und-finanzgerichtsverfahren\/\">weiterlesen &#8211;  Rechtsbehelfs- und Finanzgerichtsverfahren \u2192 <\/a><\/p>\n","protected":false},"author":1,"featured_media":0,"parent":22,"menu_order":0,"comment_status":"closed","ping_status":"closed","template":"page-tax.php","meta":{"_acf_changed":false,"footnotes":""},"class_list":["post-470","page","type-page","status-publish","hentry"],"acf":[],"_links":{"self":[{"href":"https:\/\/petersenpartners.de\/de\/wp-json\/wp\/v2\/pages\/470","targetHints":{"allow":["GET"]}}],"collection":[{"href":"https:\/\/petersenpartners.de\/de\/wp-json\/wp\/v2\/pages"}],"about":[{"href":"https:\/\/petersenpartners.de\/de\/wp-json\/wp\/v2\/types\/page"}],"author":[{"embeddable":true,"href":"https:\/\/petersenpartners.de\/de\/wp-json\/wp\/v2\/users\/1"}],"replies":[{"embeddable":true,"href":"https:\/\/petersenpartners.de\/de\/wp-json\/wp\/v2\/comments?post=470"}],"version-history":[{"count":5,"href":"https:\/\/petersenpartners.de\/de\/wp-json\/wp\/v2\/pages\/470\/revisions"}],"predecessor-version":[{"id":3076,"href":"https:\/\/petersenpartners.de\/de\/wp-json\/wp\/v2\/pages\/470\/revisions\/3076"}],"up":[{"embeddable":true,"href":"https:\/\/petersenpartners.de\/de\/wp-json\/wp\/v2\/pages\/22"}],"wp:attachment":[{"href":"https:\/\/petersenpartners.de\/de\/wp-json\/wp\/v2\/media?parent=470"}],"curies":[{"name":"wp","href":"https:\/\/api.w.org\/{rel}","templated":true}]}}