{"id":468,"date":"2015-12-29T19:34:06","date_gmt":"2015-12-29T19:34:06","guid":{"rendered":"http:\/\/dev-petersenpartners.de\/?page_id=468"},"modified":"2018-12-06T08:08:57","modified_gmt":"2018-12-06T08:08:57","slug":"laufende-steuerberatung-des-operativen-geschaefts","status":"publish","type":"page","link":"https:\/\/petersenpartners.de\/de\/kompetenzen\/steuerberatung\/laufende-steuerberatung-des-operativen-geschaefts\/","title":{"rendered":"Laufende Steuerberatung des operativen Gesch\u00e4fts"},"content":{"rendered":"<p>Aus der operativen Gesch\u00e4ftst\u00e4tigkeit eines Unternehmens heraus ergeben sich laufend eine Reihe vielf\u00e4ltiger und oftmals komplexer steuerlicher Fragestellungen aus ganz unterschiedlichen Bereichen. Hier empfiehlt es sich, die steuerrechtliche Kompetenz im Unternehmen durch externen Rat zu verst\u00e4rken: Die steuerlichen Berater von PETERSEN HARDRAHT PRUGGMAYER stehen deshalb f\u00fcr zeitnahe, fachlich fundierte und vor allem praktikable Antworten und Gestaltungsvorschl\u00e4ge gern zur Verf\u00fcgung.<\/p>\n<p>PETERSEN HARDRAHT PRUGGMAYER und die Mitarbeitern ihrer Schwestergesellschaft, der PETERSEN HARDRAHT PRUGGMAYER Steuerberatungsgesellschaft mbH &amp; Co. KG, verf\u00fcgen \u00fcber jahrzehntelange Erfahrungen in der laufenden steuerlichen Beratung von Unternehmen, insbesondere auf den Gebieten der Ertrag-, Umsatz- und Lohnsteuer.<\/p>","protected":false},"excerpt":{"rendered":"<p>Aus der operativen Gesch\u00e4ftst\u00e4tigkeit eines Unternehmens heraus ergeben sich laufend eine Reihe vielf\u00e4ltiger und oftmals komplexer steuerlicher Fragestellungen aus ganz unterschiedlichen Bereichen. Hier empfiehlt es sich, die steuerrechtliche Kompetenz im Unternehmen durch externen Rat zu verst\u00e4rken: Die steuerlichen Berater von PETERSEN HARDRAHT PRUGGMAYER stehen deshalb f\u00fcr zeitnahe, fachlich fundierte und vor allem praktikable Antworten und &#8230;. <a class=\"read-more\" href=\"https:\/\/petersenpartners.de\/de\/kompetenzen\/steuerberatung\/laufende-steuerberatung-des-operativen-geschaefts\/\">weiterlesen &#8211;  Laufende Steuerberatung des operativen Gesch\u00e4fts \u2192 <\/a><\/p>\n","protected":false},"author":1,"featured_media":0,"parent":22,"menu_order":0,"comment_status":"closed","ping_status":"closed","template":"page-tax.php","meta":{"_acf_changed":false,"footnotes":""},"class_list":["post-468","page","type-page","status-publish","hentry"],"acf":[],"_links":{"self":[{"href":"https:\/\/petersenpartners.de\/de\/wp-json\/wp\/v2\/pages\/468","targetHints":{"allow":["GET"]}}],"collection":[{"href":"https:\/\/petersenpartners.de\/de\/wp-json\/wp\/v2\/pages"}],"about":[{"href":"https:\/\/petersenpartners.de\/de\/wp-json\/wp\/v2\/types\/page"}],"author":[{"embeddable":true,"href":"https:\/\/petersenpartners.de\/de\/wp-json\/wp\/v2\/users\/1"}],"replies":[{"embeddable":true,"href":"https:\/\/petersenpartners.de\/de\/wp-json\/wp\/v2\/comments?post=468"}],"version-history":[{"count":9,"href":"https:\/\/petersenpartners.de\/de\/wp-json\/wp\/v2\/pages\/468\/revisions"}],"predecessor-version":[{"id":3077,"href":"https:\/\/petersenpartners.de\/de\/wp-json\/wp\/v2\/pages\/468\/revisions\/3077"}],"up":[{"embeddable":true,"href":"https:\/\/petersenpartners.de\/de\/wp-json\/wp\/v2\/pages\/22"}],"wp:attachment":[{"href":"https:\/\/petersenpartners.de\/de\/wp-json\/wp\/v2\/media?parent=468"}],"curies":[{"name":"wp","href":"https:\/\/api.w.org\/{rel}","templated":true}]}}