{"id":464,"date":"2015-12-29T19:31:06","date_gmt":"2015-12-29T19:31:06","guid":{"rendered":"http:\/\/dev-petersenpartners.de\/?page_id=464"},"modified":"2018-12-06T08:09:40","modified_gmt":"2018-12-06T08:09:40","slug":"betriebspruefungen","status":"publish","type":"page","link":"https:\/\/petersenpartners.de\/de\/kompetenzen\/steuerberatung\/betriebspruefungen\/","title":{"rendered":"Betriebspr\u00fcfungen"},"content":{"rendered":"<p>Steuerliche Expertise und anwaltlicher Rat im Umfeld von Betriebspr\u00fcfungen ist heute mehr denn je erforderlich: Mit Einf\u00fchrung der EDV-gest\u00fctzten Betriebspr\u00fcfung und dem so erm\u00f6glichten beh\u00f6rdlichen Zugriff auf die interne Datenverarbeitung eines Unternehmens erlangen Betriebspr\u00fcfer die wesentlichen Informationen schneller und erhalten deutlich tiefere Kenntnisse. In der Folge haben die zwischen Betriebspr\u00fcfung und Unternehmen streitigen Sachverhalte zugenommen.<\/p>\n<p>Wir begleiten Unternehmen bei Betriebspr\u00fcfungen deshalb umfassend. F\u00fcr uns bedeutet das, bereits im Vorfeld einer Betriebspr\u00fcfung die relevanten Daten zu pr\u00fcfen, verfahrenssicher aufzubereiten und unsere Mandanten auf Wunsch auch bei der Schlussbesprechung zu begleiten.<\/p>\n<p>PETERSEN HARDRAHT PRUGGMAYER vertritt ihre Mandanten deshalb auch in allen Rechtsbehelfsverfahren, die auf Grund der Feststellungen einer Betriebspr\u00fcfung anh\u00e4ngig werden.<\/p>\n<p>Unsere steuerlichen Berater begleiten Betriebspr\u00fcfungen nicht nur f\u00fcr Unternehmen, die laufend von PETERSEN HARDRAHT PRUGGMAYER beraten werden. Wegen der besonderen Erfahrungen bei der Betreuung von Betriebspr\u00fcfungen werden wir auch von anderen Steuerberatern um Rat und Unterst\u00fctzung gebeten. Dabei ist es f\u00fcr uns selbstverst\u00e4ndlich, die direkte Mandatsbeziehungen zwischen diesen Steuerberatern und deren Mandanten uneingeschr\u00e4nkt zu wahren.<\/p>","protected":false},"excerpt":{"rendered":"<p>Steuerliche Expertise und anwaltlicher Rat im Umfeld von Betriebspr\u00fcfungen ist heute mehr denn je erforderlich: Mit Einf\u00fchrung der EDV-gest\u00fctzten Betriebspr\u00fcfung und dem so erm\u00f6glichten beh\u00f6rdlichen Zugriff auf die interne Datenverarbeitung eines Unternehmens erlangen Betriebspr\u00fcfer die wesentlichen Informationen schneller und erhalten deutlich tiefere Kenntnisse. In der Folge haben die zwischen Betriebspr\u00fcfung und Unternehmen streitigen Sachverhalte zugenommen. &#8230;. <a class=\"read-more\" href=\"https:\/\/petersenpartners.de\/de\/kompetenzen\/steuerberatung\/betriebspruefungen\/\">weiterlesen &#8211;  Betriebspr\u00fcfungen \u2192 <\/a><\/p>\n","protected":false},"author":1,"featured_media":0,"parent":22,"menu_order":0,"comment_status":"closed","ping_status":"closed","template":"page-tax.php","meta":{"_acf_changed":false,"footnotes":""},"class_list":["post-464","page","type-page","status-publish","hentry"],"acf":[],"_links":{"self":[{"href":"https:\/\/petersenpartners.de\/de\/wp-json\/wp\/v2\/pages\/464","targetHints":{"allow":["GET"]}}],"collection":[{"href":"https:\/\/petersenpartners.de\/de\/wp-json\/wp\/v2\/pages"}],"about":[{"href":"https:\/\/petersenpartners.de\/de\/wp-json\/wp\/v2\/types\/page"}],"author":[{"embeddable":true,"href":"https:\/\/petersenpartners.de\/de\/wp-json\/wp\/v2\/users\/1"}],"replies":[{"embeddable":true,"href":"https:\/\/petersenpartners.de\/de\/wp-json\/wp\/v2\/comments?post=464"}],"version-history":[{"count":8,"href":"https:\/\/petersenpartners.de\/de\/wp-json\/wp\/v2\/pages\/464\/revisions"}],"predecessor-version":[{"id":3079,"href":"https:\/\/petersenpartners.de\/de\/wp-json\/wp\/v2\/pages\/464\/revisions\/3079"}],"up":[{"embeddable":true,"href":"https:\/\/petersenpartners.de\/de\/wp-json\/wp\/v2\/pages\/22"}],"wp:attachment":[{"href":"https:\/\/petersenpartners.de\/de\/wp-json\/wp\/v2\/media?parent=464"}],"curies":[{"name":"wp","href":"https:\/\/api.w.org\/{rel}","templated":true}]}}