{"id":435,"date":"2015-12-29T19:18:02","date_gmt":"2015-12-29T19:18:02","guid":{"rendered":"http:\/\/dev-petersenpartners.de\/?page_id=435"},"modified":"2026-01-29T11:01:45","modified_gmt":"2026-01-29T11:01:45","slug":"vergaberecht","status":"publish","type":"page","link":"https:\/\/petersenpartners.de\/de\/kompetenzen\/rechtsgebiete\/vergaberecht\/","title":{"rendered":"Vergaberecht"},"content":{"rendered":"<p>Wir beraten \u00f6ffentliche Auftraggeber, vor allem Kommunen, K\u00f6rperschaften sowie \u00f6ffentliche Unternehmen, aber auch Zuwendungsempf\u00e4nger und Unternehmen aus den Sektorenbereichen, vor allem aus dem Bereich der Energiewirtschaft, in allen Fragen des Vergaberechts. Unsere Beratungsschwerpunkte liegen in<\/p>\n<ul>\n<li>der Strukturierung von Vergabeverfahren, von der Kl\u00e4rung von Vorfragen \u00fcber die Erstellung der Vergabeunterlagen bis zur Erteilung des Zuschlags<\/li>\n<li>der Erarbeitung von auf den jeweiligen Leistungsgegenstand zugeschnittenen Vertragsentw\u00fcrfen als Bestandteil der Vergabeunterlagen<\/li>\n<li>der vergaberechtlichen und -strategischen Beratung bei Bieteranfragen und -r\u00fcgen im laufenden Vergabeverfahren<\/li>\n<li>dem F\u00fchren von Vertragsverhandlungen, Aufkl\u00e4rungsgespr\u00e4chen, Preis- und Kalkulationspr\u00fcfungen<\/li>\n<li>der Unterst\u00fctzung bei der vergaberechtskonformen Wertung von Angeboten, insbesondere von Leistungskonzepten, dem Ausschluss von Bietern sowie der Ausk\u00f6mmlichkeitspr\u00fcfung von Angebotspreisen<\/li>\n<li>der Erarbeitung von Vergabevorschl\u00e4gen und deren Pr\u00e4sentation in den Entscheidungsgremien<\/li>\n<li>der Beratung im Umgang mit Presseanfragen im Rahmen laufender bzw. nach dem Abschluss von Vergabeverfahren<\/li>\n<li>der Erstellung bzw. (End-)Kontrolle der Vergabedokumentation<\/li>\n<li>der vergaberechtskonformen Gestaltung von Inhouse-L\u00f6sungen bzw. \u00f6ffentlich-\u00f6ffentlichen Kooperationen einschlie\u00dflich der Erstellung der erforderlichen Vermerke, Dokumentationen und Beschlussvorlagen<\/li>\n<li>der Vertretung des \u00f6ffentlichen Auftraggebers in Pr\u00fcf- bzw. Vertragsverletzungsverfahren der Europ\u00e4ischen Kommission bzw. Aufsichts- oder Zuwendungsbeh\u00f6rden<\/li>\n<\/ul>\n<p>Unsere Beratung bezieht sich sowohl auf das klassische ober-(Bundes- bzw. GWB-) und unterschwellige Vergaberecht als auch auf die Vergabe von Dienstleistungskonzessionen. Sie schlie\u00dft die Gestaltung und Begleitung von Verfahren zur Vergabe von Leistungen ein, die insbesondere aus unionsrechtlichen Gr\u00fcnden vergaberechts\u00e4hnlich ausgestaltet werden m\u00fcssen. Unsere Mandanten vertreten wir auch in Nachpr\u00fcfungsverfahren, insbesondere bei den Vergabekammern und \u2013senaten der Oberlandesgerichte.<\/p>\n<p>Wir werden branchenabh\u00e4ngig auch auf Bieterseite t\u00e4tig. Hier z\u00e4hlen zu unseren Leistungen insbesondere<\/p>\n<ul>\n<li>die verfahrensstrategische Beratung bei der Beteiligung des Bieters im Vergabeverfahren<\/li>\n<li>die Pr\u00fcfung von Verfahrensbekanntmachungen und Vergabeunterlagen auf Vergaberechtsverst\u00f6\u00dfe, insbesondere auch zu den vom Auftraggeber gestellten Anforderungen an das Unternehmen oder an die Vertragsdurchf\u00fchrung (z.B. Eignungsanforderungen, vergabefremde Kriterien)<\/li>\n<li>die Erstellung von Bieteranfragen und Bieterr\u00fcgen<\/li>\n<li>die Vertretung in vorgelagerten Marktkonsultationen bzw. Interessenbekundungsverfahren<\/li>\n<li>die Vorpr\u00fcfung von Angeboten auf Konformit\u00e4t mit den vom Auftraggeber geforderten Nachweisen, Erkl\u00e4rungen und Preisangaben<\/li>\n<li>die Vertretung im Verhandlungsverfahren, insbesondere bei Vertragsverhandlungen<\/li>\n<li>die Vertretung des Bieters in Rechtsschutz-, insbesondere Vergabenachpr\u00fcfungsverfahren<\/li>\n<li>das F\u00fchren von Beschwerden wegen Verst\u00f6\u00dfen gegen europ\u00e4isches Vergaberecht bei der Europ\u00e4ischen Kommission oder bei nationalen Aufsichtsbeh\u00f6rden<\/li>\n<\/ul>\n<p><\/p>","protected":false},"excerpt":{"rendered":"<p>Wir beraten \u00f6ffentliche Auftraggeber, vor allem Kommunen, K\u00f6rperschaften sowie \u00f6ffentliche Unternehmen, aber auch Zuwendungsempf\u00e4nger und Unternehmen aus den Sektorenbereichen, vor allem aus dem Bereich der Energiewirtschaft, in allen Fragen des Vergaberechts. Unsere Beratungsschwerpunkte liegen in der Strukturierung von Vergabeverfahren, von der Kl\u00e4rung von Vorfragen \u00fcber die Erstellung der Vergabeunterlagen bis zur Erteilung des Zuschlags der &#8230;. <a class=\"read-more\" href=\"https:\/\/petersenpartners.de\/de\/kompetenzen\/rechtsgebiete\/vergaberecht\/\">weiterlesen &#8211;  Vergaberecht \u2192 <\/a><\/p>\n","protected":false},"author":1,"featured_media":0,"parent":20,"menu_order":0,"comment_status":"closed","ping_status":"closed","template":"page-tax.php","meta":{"_acf_changed":false,"footnotes":""},"class_list":["post-435","page","type-page","status-publish","hentry"],"acf":[],"_links":{"self":[{"href":"https:\/\/petersenpartners.de\/de\/wp-json\/wp\/v2\/pages\/435","targetHints":{"allow":["GET"]}}],"collection":[{"href":"https:\/\/petersenpartners.de\/de\/wp-json\/wp\/v2\/pages"}],"about":[{"href":"https:\/\/petersenpartners.de\/de\/wp-json\/wp\/v2\/types\/page"}],"author":[{"embeddable":true,"href":"https:\/\/petersenpartners.de\/de\/wp-json\/wp\/v2\/users\/1"}],"replies":[{"embeddable":true,"href":"https:\/\/petersenpartners.de\/de\/wp-json\/wp\/v2\/comments?post=435"}],"version-history":[{"count":10,"href":"https:\/\/petersenpartners.de\/de\/wp-json\/wp\/v2\/pages\/435\/revisions"}],"predecessor-version":[{"id":7037,"href":"https:\/\/petersenpartners.de\/de\/wp-json\/wp\/v2\/pages\/435\/revisions\/7037"}],"up":[{"embeddable":true,"href":"https:\/\/petersenpartners.de\/de\/wp-json\/wp\/v2\/pages\/20"}],"wp:attachment":[{"href":"https:\/\/petersenpartners.de\/de\/wp-json\/wp\/v2\/media?parent=435"}],"curies":[{"name":"wp","href":"https:\/\/api.w.org\/{rel}","templated":true}]}}