{"id":424,"date":"2015-12-29T19:05:29","date_gmt":"2015-12-29T19:05:29","guid":{"rendered":"http:\/\/dev-petersenpartners.de\/?page_id=424"},"modified":"2026-03-13T07:42:23","modified_gmt":"2026-03-13T07:42:23","slug":"umweltrecht","status":"publish","type":"page","link":"https:\/\/petersenpartners.de\/de\/kompetenzen\/rechtsgebiete\/umweltrecht\/","title":{"rendered":"Umweltrecht"},"content":{"rendered":"<p>Wir beraten Unternehmen, Gemeinden, Grundst\u00fcckseigent\u00fcmer sowie kommunale Verb\u00e4nde in allen wesentlichen Aspekten des Umweltrechts sowie Vorhabentr\u00e4ger und Grundst\u00fcckseigent\u00fcmer bei allen umweltrelevanten Genehmigungs- und Planungsverfahren. Unsere thematischen Schwerpunkte sind hier:<\/p>","protected":false},"excerpt":{"rendered":"<p>Wir beraten Unternehmen, Gemeinden, Grundst\u00fcckseigent\u00fcmer sowie kommunale Verb\u00e4nde in allen wesentlichen Aspekten des Umweltrechts sowie Vorhabentr\u00e4ger und Grundst\u00fcckseigent\u00fcmer bei allen umweltrelevanten Genehmigungs- und Planungsverfahren. Unsere thematischen Schwerpunkte sind hier:<\/p>\n","protected":false},"author":1,"featured_media":0,"parent":20,"menu_order":0,"comment_status":"closed","ping_status":"closed","template":"page-tax.php","meta":{"_acf_changed":false,"footnotes":""},"class_list":["post-424","page","type-page","status-publish","hentry"],"acf":[],"_links":{"self":[{"href":"https:\/\/petersenpartners.de\/de\/wp-json\/wp\/v2\/pages\/424","targetHints":{"allow":["GET"]}}],"collection":[{"href":"https:\/\/petersenpartners.de\/de\/wp-json\/wp\/v2\/pages"}],"about":[{"href":"https:\/\/petersenpartners.de\/de\/wp-json\/wp\/v2\/types\/page"}],"author":[{"embeddable":true,"href":"https:\/\/petersenpartners.de\/de\/wp-json\/wp\/v2\/users\/1"}],"replies":[{"embeddable":true,"href":"https:\/\/petersenpartners.de\/de\/wp-json\/wp\/v2\/comments?post=424"}],"version-history":[{"count":11,"href":"https:\/\/petersenpartners.de\/de\/wp-json\/wp\/v2\/pages\/424\/revisions"}],"predecessor-version":[{"id":7110,"href":"https:\/\/petersenpartners.de\/de\/wp-json\/wp\/v2\/pages\/424\/revisions\/7110"}],"up":[{"embeddable":true,"href":"https:\/\/petersenpartners.de\/de\/wp-json\/wp\/v2\/pages\/20"}],"wp:attachment":[{"href":"https:\/\/petersenpartners.de\/de\/wp-json\/wp\/v2\/media?parent=424"}],"curies":[{"name":"wp","href":"https:\/\/api.w.org\/{rel}","templated":true}]}}