{"id":420,"date":"2015-12-29T19:01:08","date_gmt":"2015-12-29T19:01:08","guid":{"rendered":"http:\/\/dev-petersenpartners.de\/?page_id=420"},"modified":"2023-12-29T10:24:50","modified_gmt":"2023-12-29T10:24:50","slug":"schiedsverfahrensrecht-und-mediation","status":"publish","type":"page","link":"https:\/\/petersenpartners.de\/de\/kompetenzen\/rechtsgebiete\/schiedsverfahrensrecht-und-mediation\/","title":{"rendered":"Schiedsverfahren und Mediation"},"content":{"rendered":"<p>Lassen sich Konflikte nicht kaufm\u00e4nnisch oder durch Verhandlungen l\u00f6sen, k\u00f6nnen Mediations- und Schiedsverfahren helfen, den Weg zum Gericht zu vermeiden. Unsere Beratungsschwerpunkte im Schiedsverfahrensrecht und in der Mediation sind:<\/p>","protected":false},"excerpt":{"rendered":"<p>Lassen sich Konflikte nicht kaufm\u00e4nnisch oder durch Verhandlungen l\u00f6sen, k\u00f6nnen Mediations- und Schiedsverfahren helfen, den Weg zum Gericht zu vermeiden. Unsere Beratungsschwerpunkte im Schiedsverfahrensrecht und in der Mediation sind:<\/p>\n","protected":false},"author":1,"featured_media":0,"parent":20,"menu_order":0,"comment_status":"closed","ping_status":"closed","template":"page-tax.php","meta":{"_acf_changed":false,"footnotes":""},"class_list":["post-420","page","type-page","status-publish","hentry"],"acf":[],"_links":{"self":[{"href":"https:\/\/petersenpartners.de\/de\/wp-json\/wp\/v2\/pages\/420","targetHints":{"allow":["GET"]}}],"collection":[{"href":"https:\/\/petersenpartners.de\/de\/wp-json\/wp\/v2\/pages"}],"about":[{"href":"https:\/\/petersenpartners.de\/de\/wp-json\/wp\/v2\/types\/page"}],"author":[{"embeddable":true,"href":"https:\/\/petersenpartners.de\/de\/wp-json\/wp\/v2\/users\/1"}],"replies":[{"embeddable":true,"href":"https:\/\/petersenpartners.de\/de\/wp-json\/wp\/v2\/comments?post=420"}],"version-history":[{"count":18,"href":"https:\/\/petersenpartners.de\/de\/wp-json\/wp\/v2\/pages\/420\/revisions"}],"predecessor-version":[{"id":6174,"href":"https:\/\/petersenpartners.de\/de\/wp-json\/wp\/v2\/pages\/420\/revisions\/6174"}],"up":[{"embeddable":true,"href":"https:\/\/petersenpartners.de\/de\/wp-json\/wp\/v2\/pages\/20"}],"wp:attachment":[{"href":"https:\/\/petersenpartners.de\/de\/wp-json\/wp\/v2\/media?parent=420"}],"curies":[{"name":"wp","href":"https:\/\/api.w.org\/{rel}","templated":true}]}}