{"id":416,"date":"2015-12-29T18:55:23","date_gmt":"2015-12-29T18:55:23","guid":{"rendered":"http:\/\/dev-petersenpartners.de\/?page_id=416"},"modified":"2023-12-29T10:25:37","modified_gmt":"2023-12-29T10:25:37","slug":"rettungsdienst-brandschutz-und-katastrophenschutzrecht","status":"publish","type":"page","link":"https:\/\/petersenpartners.de\/de\/kompetenzen\/rechtsgebiete\/recht-der-oeffentlichen-infrastruktur\/rettungsdienst-brandschutz-und-katastrophenschutzrecht\/","title":{"rendered":"Rettungsdienst-, Brandschutz- und Katastrophenschutzrecht"},"content":{"rendered":"<p>Wir beraten kommunale und staatliche Aufgabentr\u00e4ger in allen Fragen des Rettungsdienstes, des Brandschutzes und des Katastrophenschutzes. Bei unserer Beratung ber\u00fccksichtigen wir das zumeist komplexe Umfeld der jeweils handelnden Akteure, insbesondere der staatlichen Aufsichtsbeh\u00f6rden, der Kostentr\u00e4ger, der Leistungserbringer sowie ihrer Landes- und Bundesverb\u00e4nde, aber auch der kommunalen Spitzenverb\u00e4nde und Hauptorgane (Stadtrat, Kreistag oder Verbandsversammlung).<\/p>","protected":false},"excerpt":{"rendered":"<p>Wir beraten kommunale und staatliche Aufgabentr\u00e4ger in allen Fragen des Rettungsdienstes, des Brandschutzes und des Katastrophenschutzes. Bei unserer Beratung ber\u00fccksichtigen wir das zumeist komplexe Umfeld der jeweils handelnden Akteure, insbesondere der staatlichen Aufsichtsbeh\u00f6rden, der Kostentr\u00e4ger, der Leistungserbringer sowie ihrer Landes- und Bundesverb\u00e4nde, aber auch der kommunalen Spitzenverb\u00e4nde und Hauptorgane (Stadtrat, Kreistag oder Verbandsversammlung).<\/p>\n","protected":false},"author":1,"featured_media":0,"parent":412,"menu_order":0,"comment_status":"closed","ping_status":"closed","template":"page-tax.php","meta":{"_acf_changed":false,"footnotes":""},"class_list":["post-416","page","type-page","status-publish","hentry"],"acf":[],"_links":{"self":[{"href":"https:\/\/petersenpartners.de\/de\/wp-json\/wp\/v2\/pages\/416","targetHints":{"allow":["GET"]}}],"collection":[{"href":"https:\/\/petersenpartners.de\/de\/wp-json\/wp\/v2\/pages"}],"about":[{"href":"https:\/\/petersenpartners.de\/de\/wp-json\/wp\/v2\/types\/page"}],"author":[{"embeddable":true,"href":"https:\/\/petersenpartners.de\/de\/wp-json\/wp\/v2\/users\/1"}],"replies":[{"embeddable":true,"href":"https:\/\/petersenpartners.de\/de\/wp-json\/wp\/v2\/comments?post=416"}],"version-history":[{"count":17,"href":"https:\/\/petersenpartners.de\/de\/wp-json\/wp\/v2\/pages\/416\/revisions"}],"predecessor-version":[{"id":6177,"href":"https:\/\/petersenpartners.de\/de\/wp-json\/wp\/v2\/pages\/416\/revisions\/6177"}],"up":[{"embeddable":true,"href":"https:\/\/petersenpartners.de\/de\/wp-json\/wp\/v2\/pages\/412"}],"wp:attachment":[{"href":"https:\/\/petersenpartners.de\/de\/wp-json\/wp\/v2\/media?parent=416"}],"curies":[{"name":"wp","href":"https:\/\/api.w.org\/{rel}","templated":true}]}}