{"id":412,"date":"2015-12-29T18:51:53","date_gmt":"2015-12-29T18:51:53","guid":{"rendered":"http:\/\/dev-petersenpartners.de\/?page_id=412"},"modified":"2023-04-24T11:18:55","modified_gmt":"2023-04-24T11:18:55","slug":"recht-der-oeffentlichen-infrastruktur","status":"publish","type":"page","link":"https:\/\/petersenpartners.de\/de\/kompetenzen\/rechtsgebiete\/recht-der-oeffentlichen-infrastruktur\/","title":{"rendered":"Recht der \u00f6ffentlichen Infrastruktur"},"content":{"rendered":"<p><\/p>\n<h1 class=\"blue\">Recht der \u00f6ffentlichen Infrastruktur<\/h1>\n<p>Wir beraten Kommunen und Zweckverb\u00e4nde in allen wesentlichen Fragen zu der \u00f6ffentlichen Infrastruktur, insbesondere in folgenden Themenbereichen:<\/p>\n<p>&nbsp;<\/p>\n<ul>\n<li>Beratung bei der Durchf\u00fchrung von kommunalen Ver- und Entsorgungsleistungen, insbesondere Pr\u00fcfung und Durchsetzung von Anschluss- und Benutzungszwang, umfassende Beratung bei der Schaffung autarker kommunaler Versorgungsl\u00f6sungen im Bereich der Strom- und W\u00e4rmeversorgung sowie Wasser\/Abwasser, Beratung bei der Ausgestaltung und Durchsetzung von Leitungsrechten<\/li>\n<\/ul>\n<p>&nbsp;<\/p>\n<ul>\n<li>Beratung bei der Gestaltung und Finanzierung von kommunalen Projekten im Bereich der technischen und mobilen Infrastruktur, z. B. \u00a0Beratung bei der Gestaltung von \u00d6PNV-Finanzierungsvertr\u00e4gen und bei stra\u00dfenrechtlichen Planungen und Umstufungsentscheidungen<\/li>\n<\/ul>\n<p>&nbsp;<\/p>\n<ul>\n<li>Rechtliche Pr\u00fcfung, Verhandlung und erforderlichenfalls gerichtliche Geltendmachung von Anspr\u00fcchen bei Mitbenutzung \u00f6ffentlicher Stra\u00dfen durch Ver- und Entsorgungsunternehmen, Kommunen oder Verb\u00e4nde, bei Verlegung von Stra\u00dfen und Anlagen<\/li>\n<\/ul>\n<p><\/p>","protected":false},"excerpt":{"rendered":"<p>Recht der \u00f6ffentlichen Infrastruktur Wir beraten Kommunen und Zweckverb\u00e4nde in allen wesentlichen Fragen zu der \u00f6ffentlichen Infrastruktur, insbesondere in folgenden Themenbereichen: &nbsp; Beratung bei der Durchf\u00fchrung von kommunalen Ver- und Entsorgungsleistungen, insbesondere Pr\u00fcfung und Durchsetzung von Anschluss- und Benutzungszwang, umfassende Beratung bei der Schaffung autarker kommunaler Versorgungsl\u00f6sungen im Bereich der Strom- und W\u00e4rmeversorgung sowie Wasser\/Abwasser, &#8230;. <a class=\"read-more\" href=\"https:\/\/petersenpartners.de\/de\/kompetenzen\/rechtsgebiete\/recht-der-oeffentlichen-infrastruktur\/\">weiterlesen &#8211;  Recht der \u00f6ffentlichen Infrastruktur \u2192 <\/a><\/p>\n","protected":false},"author":1,"featured_media":0,"parent":20,"menu_order":0,"comment_status":"closed","ping_status":"closed","template":"page-sector.php","meta":{"_acf_changed":false,"footnotes":""},"class_list":["post-412","page","type-page","status-publish","hentry"],"acf":[],"_links":{"self":[{"href":"https:\/\/petersenpartners.de\/de\/wp-json\/wp\/v2\/pages\/412","targetHints":{"allow":["GET"]}}],"collection":[{"href":"https:\/\/petersenpartners.de\/de\/wp-json\/wp\/v2\/pages"}],"about":[{"href":"https:\/\/petersenpartners.de\/de\/wp-json\/wp\/v2\/types\/page"}],"author":[{"embeddable":true,"href":"https:\/\/petersenpartners.de\/de\/wp-json\/wp\/v2\/users\/1"}],"replies":[{"embeddable":true,"href":"https:\/\/petersenpartners.de\/de\/wp-json\/wp\/v2\/comments?post=412"}],"version-history":[{"count":23,"href":"https:\/\/petersenpartners.de\/de\/wp-json\/wp\/v2\/pages\/412\/revisions"}],"predecessor-version":[{"id":5910,"href":"https:\/\/petersenpartners.de\/de\/wp-json\/wp\/v2\/pages\/412\/revisions\/5910"}],"up":[{"embeddable":true,"href":"https:\/\/petersenpartners.de\/de\/wp-json\/wp\/v2\/pages\/20"}],"wp:attachment":[{"href":"https:\/\/petersenpartners.de\/de\/wp-json\/wp\/v2\/media?parent=412"}],"curies":[{"name":"wp","href":"https:\/\/api.w.org\/{rel}","templated":true}]}}