{"id":404,"date":"2015-12-29T18:47:50","date_gmt":"2015-12-29T18:47:50","guid":{"rendered":"http:\/\/dev-petersenpartners.de\/?page_id=404"},"modified":"2024-05-10T12:59:26","modified_gmt":"2024-05-10T12:59:26","slug":"krankenhaus-und-vertragsarztrecht","status":"publish","type":"page","link":"https:\/\/petersenpartners.de\/de\/kompetenzen\/rechtsgebiete\/krankenhaus-und-vertragsarztrecht\/","title":{"rendered":"Krankenhaus- und Vertragsarztrecht"},"content":{"rendered":"<p>Wir beraten sowohl institutionelle Einrichtungen wie Krankenh\u00e4user, MVZ und Praxen als auch Berufstr\u00e4ger aus dem \u00e4rztlich-medizinischen Bereich sowie sonstige Gesundheitsdienstleister in allen wesentlichen Fragen des <b>Krankenhausrechts<\/b>, insbesondere zu den Themen:<\/p>\n<ul>\n<li>Krankenhausrecht, Krankenhausplanung und -finanzierung einschlie\u00dflich Schiedsstellen- und Genehmigungsverfahren<\/li>\n<li>Begleitung Budget- und Entgeltverhandlungen<\/li>\n<li>DRG-Abrechnungen von Krankenh\u00e4usern und Abrechnungspr\u00fcfungen durch Krankenkassen<\/li>\n<li>Verg\u00fctungsrechtliche Auseinandersetzungen mit privaten Krankenversicherungen und Wahlleistungspatienten<\/li>\n<li>Krankenhausspezifisches Arbeitsrecht<\/li>\n<li>Ausgliederung und Privatisierung<\/li>\n<li>Chefarztvertragsrecht<\/li>\n<li>Kooperationsvertr\u00e4ge zwischen Krankenh\u00e4usern sowie Krankenhaustr\u00e4gern und niedergelassenen \u00c4rzten<\/li>\n<li>Beratung von Krankenhaustr\u00e4gern im Zusammenhang mit der Erm\u00e4chtigung von Krankenhaus\u00e4rzten sowie bei der Zusammenarbeit mit Beleg- und Honorar\u00e4rzten<\/li>\n<li>Beratung von Krankenhaustr\u00e4gern im Zusammenhang mit den Bestimmungen gem. \u00a7 116b Abs. 2 SGB V sowie der ambulanten spezialfach\u00e4rztlichen Versorgung (ASV)<\/li>\n<\/ul>\n<p>Im <b>Vertragsarztrecht<\/b> befassen wir uns insbesondere mit:<\/p>\n<ul>\n<li>\u00c4rztlichem Berufsrecht<\/li>\n<li>MVZ-Gr\u00fcndungen und Vertragsgestaltung<\/li>\n<li>Praxiskaufvertr\u00e4gen<\/li>\n<li>Zulassungsrecht<\/li>\n<li>Recht der gemeinschaftlichen Berufsaus\u00fcbung, \u00e4rztliche Kooperationsmodelle<\/li>\n<li>\u00c4rztlichem Vertragsrecht<\/li>\n<li>Leistungs- und Verg\u00fctungsrecht der Heilberufe<\/li>\n<\/ul>\n<p>Dar\u00fcber hinaus besch\u00e4ftigen wir uns mit Fragen zur:<\/p>\n<ul>\n<li>Healthcare Compliance<\/li>\n<li>Vergaberecht im Gesundheitswesen<\/li>\n<\/ul>\n<p><\/p>","protected":false},"excerpt":{"rendered":"<p>Wir beraten sowohl institutionelle Einrichtungen wie Krankenh\u00e4user, MVZ und Praxen als auch Berufstr\u00e4ger aus dem \u00e4rztlich-medizinischen Bereich sowie sonstige Gesundheitsdienstleister in allen wesentlichen Fragen des Krankenhausrechts, insbesondere zu den Themen: Krankenhausrecht, Krankenhausplanung und -finanzierung einschlie\u00dflich Schiedsstellen- und Genehmigungsverfahren Begleitung Budget- und Entgeltverhandlungen DRG-Abrechnungen von Krankenh\u00e4usern und Abrechnungspr\u00fcfungen durch Krankenkassen Verg\u00fctungsrechtliche Auseinandersetzungen mit privaten Krankenversicherungen und &#8230;. <a class=\"read-more\" href=\"https:\/\/petersenpartners.de\/de\/kompetenzen\/rechtsgebiete\/krankenhaus-und-vertragsarztrecht\/\">weiterlesen &#8211;  Krankenhaus- und Vertragsarztrecht \u2192 <\/a><\/p>\n","protected":false},"author":1,"featured_media":0,"parent":20,"menu_order":0,"comment_status":"closed","ping_status":"closed","template":"page-tax.php","meta":{"_acf_changed":false,"footnotes":""},"class_list":["post-404","page","type-page","status-publish","hentry"],"acf":[],"_links":{"self":[{"href":"https:\/\/petersenpartners.de\/de\/wp-json\/wp\/v2\/pages\/404","targetHints":{"allow":["GET"]}}],"collection":[{"href":"https:\/\/petersenpartners.de\/de\/wp-json\/wp\/v2\/pages"}],"about":[{"href":"https:\/\/petersenpartners.de\/de\/wp-json\/wp\/v2\/types\/page"}],"author":[{"embeddable":true,"href":"https:\/\/petersenpartners.de\/de\/wp-json\/wp\/v2\/users\/1"}],"replies":[{"embeddable":true,"href":"https:\/\/petersenpartners.de\/de\/wp-json\/wp\/v2\/comments?post=404"}],"version-history":[{"count":25,"href":"https:\/\/petersenpartners.de\/de\/wp-json\/wp\/v2\/pages\/404\/revisions"}],"predecessor-version":[{"id":6320,"href":"https:\/\/petersenpartners.de\/de\/wp-json\/wp\/v2\/pages\/404\/revisions\/6320"}],"up":[{"embeddable":true,"href":"https:\/\/petersenpartners.de\/de\/wp-json\/wp\/v2\/pages\/20"}],"wp:attachment":[{"href":"https:\/\/petersenpartners.de\/de\/wp-json\/wp\/v2\/media?parent=404"}],"curies":[{"name":"wp","href":"https:\/\/api.w.org\/{rel}","templated":true}]}}