{"id":400,"date":"2015-12-29T18:46:09","date_gmt":"2015-12-29T18:46:09","guid":{"rendered":"http:\/\/dev-petersenpartners.de\/?page_id=400"},"modified":"2023-04-21T07:51:38","modified_gmt":"2023-04-21T07:51:38","slug":"zweckverbaendekommunale-kooperation","status":"publish","type":"page","link":"https:\/\/petersenpartners.de\/de\/kompetenzen\/rechtsgebiete\/kommunalrecht\/zweckverbaendekommunale-kooperation\/","title":{"rendered":"Zweckverb\u00e4nde\/Kommunale Kooperation"},"content":{"rendered":"<p>Wir beraten Kommunen und Zweckverb\u00e4nde bei Fragen interkommunaler Zusammenarbeit, etwa durch Zweckvereinbarungen und Zweckverbandsl\u00f6sungen und deren \u00c4nderung im Mitgliederbestand. Unsere Schwerpunkte sind hierbei:<br \/>\n<\/p>","protected":false},"excerpt":{"rendered":"<p>Wir beraten Kommunen und Zweckverb\u00e4nde bei Fragen interkommunaler Zusammenarbeit, etwa durch Zweckvereinbarungen und Zweckverbandsl\u00f6sungen und deren \u00c4nderung im Mitgliederbestand. Unsere Schwerpunkte sind hierbei:<\/p>\n","protected":false},"author":1,"featured_media":0,"parent":394,"menu_order":0,"comment_status":"closed","ping_status":"closed","template":"page-tax.php","meta":{"_acf_changed":false,"footnotes":""},"class_list":["post-400","page","type-page","status-publish","hentry"],"acf":[],"_links":{"self":[{"href":"https:\/\/petersenpartners.de\/de\/wp-json\/wp\/v2\/pages\/400","targetHints":{"allow":["GET"]}}],"collection":[{"href":"https:\/\/petersenpartners.de\/de\/wp-json\/wp\/v2\/pages"}],"about":[{"href":"https:\/\/petersenpartners.de\/de\/wp-json\/wp\/v2\/types\/page"}],"author":[{"embeddable":true,"href":"https:\/\/petersenpartners.de\/de\/wp-json\/wp\/v2\/users\/1"}],"replies":[{"embeddable":true,"href":"https:\/\/petersenpartners.de\/de\/wp-json\/wp\/v2\/comments?post=400"}],"version-history":[{"count":8,"href":"https:\/\/petersenpartners.de\/de\/wp-json\/wp\/v2\/pages\/400\/revisions"}],"predecessor-version":[{"id":5905,"href":"https:\/\/petersenpartners.de\/de\/wp-json\/wp\/v2\/pages\/400\/revisions\/5905"}],"up":[{"embeddable":true,"href":"https:\/\/petersenpartners.de\/de\/wp-json\/wp\/v2\/pages\/394"}],"wp:attachment":[{"href":"https:\/\/petersenpartners.de\/de\/wp-json\/wp\/v2\/media?parent=400"}],"curies":[{"name":"wp","href":"https:\/\/api.w.org\/{rel}","templated":true}]}}