{"id":398,"date":"2015-12-29T18:45:04","date_gmt":"2015-12-29T18:45:04","guid":{"rendered":"http:\/\/dev-petersenpartners.de\/?page_id=398"},"modified":"2023-04-21T07:50:24","modified_gmt":"2023-04-21T07:50:24","slug":"gemeindliche-organisation-haushaltsrecht-und-haushaltskonsolidierung","status":"publish","type":"page","link":"https:\/\/petersenpartners.de\/de\/kompetenzen\/rechtsgebiete\/kommunalrecht\/gemeindliche-organisation-haushaltsrecht-und-haushaltskonsolidierung\/","title":{"rendered":"Gemeindliche Organisation, Haushaltsrecht und Haushaltskonsolidierung"},"content":{"rendered":"<p>Wir beraten St\u00e4dte, Gemeinden sowie kommunale Verb\u00e4nde und Institutionen bei der Erf\u00fcllung haushaltsrechtlicher Pflichten, insbesondere bei der:<\/p>\n<ul>\n<li>Aufstellung, Beschluss und Genehmigung von Haushaltspl\u00e4nen<\/li>\n<li>Erstellung von Haushaltskonsolidierungskonzepten<\/li>\n<li>Beratung bei der Erstellung von Organisationsuntersuchungen, bei der Strukturierung von kommunalen Einrichtungen und der Erstellung von Personalentwicklungskonzepten<\/li>\n<\/ul>\n<p>Im Bedarfsfall erg\u00e4nzen wir unsere Expertise mit dem fachlichen Rat anderer namhafter Beratungsunternehmen, mit denen wir seit Jahren erfolgreich kooperieren.<\/p>","protected":false},"excerpt":{"rendered":"<p>Wir beraten St\u00e4dte, Gemeinden sowie kommunale Verb\u00e4nde und Institutionen bei der Erf\u00fcllung haushaltsrechtlicher Pflichten, insbesondere bei der: Aufstellung, Beschluss und Genehmigung von Haushaltspl\u00e4nen Erstellung von Haushaltskonsolidierungskonzepten Beratung bei der Erstellung von Organisationsuntersuchungen, bei der Strukturierung von kommunalen Einrichtungen und der Erstellung von Personalentwicklungskonzepten Im Bedarfsfall erg\u00e4nzen wir unsere Expertise mit dem fachlichen Rat anderer namhafter &#8230;. <a class=\"read-more\" href=\"https:\/\/petersenpartners.de\/de\/kompetenzen\/rechtsgebiete\/kommunalrecht\/gemeindliche-organisation-haushaltsrecht-und-haushaltskonsolidierung\/\">weiterlesen &#8211;  Gemeindliche Organisation, Haushaltsrecht und Haushaltskonsolidierung \u2192 <\/a><\/p>\n","protected":false},"author":1,"featured_media":0,"parent":394,"menu_order":0,"comment_status":"closed","ping_status":"closed","template":"page-tax.php","meta":{"_acf_changed":false,"footnotes":""},"class_list":["post-398","page","type-page","status-publish","hentry"],"acf":[],"_links":{"self":[{"href":"https:\/\/petersenpartners.de\/de\/wp-json\/wp\/v2\/pages\/398","targetHints":{"allow":["GET"]}}],"collection":[{"href":"https:\/\/petersenpartners.de\/de\/wp-json\/wp\/v2\/pages"}],"about":[{"href":"https:\/\/petersenpartners.de\/de\/wp-json\/wp\/v2\/types\/page"}],"author":[{"embeddable":true,"href":"https:\/\/petersenpartners.de\/de\/wp-json\/wp\/v2\/users\/1"}],"replies":[{"embeddable":true,"href":"https:\/\/petersenpartners.de\/de\/wp-json\/wp\/v2\/comments?post=398"}],"version-history":[{"count":10,"href":"https:\/\/petersenpartners.de\/de\/wp-json\/wp\/v2\/pages\/398\/revisions"}],"predecessor-version":[{"id":5904,"href":"https:\/\/petersenpartners.de\/de\/wp-json\/wp\/v2\/pages\/398\/revisions\/5904"}],"up":[{"embeddable":true,"href":"https:\/\/petersenpartners.de\/de\/wp-json\/wp\/v2\/pages\/394"}],"wp:attachment":[{"href":"https:\/\/petersenpartners.de\/de\/wp-json\/wp\/v2\/media?parent=398"}],"curies":[{"name":"wp","href":"https:\/\/api.w.org\/{rel}","templated":true}]}}