{"id":388,"date":"2015-12-29T18:39:58","date_gmt":"2015-12-29T18:39:58","guid":{"rendered":"http:\/\/dev-petersenpartners.de\/?page_id=388"},"modified":"2026-03-10T13:11:33","modified_gmt":"2026-03-10T13:11:33","slug":"immobilienrecht","status":"publish","type":"page","link":"https:\/\/petersenpartners.de\/de\/kompetenzen\/rechtsgebiete\/immobilienrecht\/","title":{"rendered":"Immobilienrecht"},"content":{"rendered":"<p>Wir beraten gewerbliche und private Bauherren, Investoren, bauausf\u00fchrende Unternehmen und Grundst\u00fcckseigent\u00fcmer in allen wesentlichen Fragen des Immobilienrechts. Dazu geh\u00f6rt insbesondere:<br \/>\n<\/p>","protected":false},"excerpt":{"rendered":"<p>Wir beraten gewerbliche und private Bauherren, Investoren, bauausf\u00fchrende Unternehmen und Grundst\u00fcckseigent\u00fcmer in allen wesentlichen Fragen des Immobilienrechts. Dazu geh\u00f6rt insbesondere:<\/p>\n","protected":false},"author":1,"featured_media":0,"parent":20,"menu_order":0,"comment_status":"closed","ping_status":"closed","template":"page-tax.php","meta":{"_acf_changed":false,"footnotes":""},"class_list":["post-388","page","type-page","status-publish","hentry"],"acf":[],"_links":{"self":[{"href":"https:\/\/petersenpartners.de\/de\/wp-json\/wp\/v2\/pages\/388","targetHints":{"allow":["GET"]}}],"collection":[{"href":"https:\/\/petersenpartners.de\/de\/wp-json\/wp\/v2\/pages"}],"about":[{"href":"https:\/\/petersenpartners.de\/de\/wp-json\/wp\/v2\/types\/page"}],"author":[{"embeddable":true,"href":"https:\/\/petersenpartners.de\/de\/wp-json\/wp\/v2\/users\/1"}],"replies":[{"embeddable":true,"href":"https:\/\/petersenpartners.de\/de\/wp-json\/wp\/v2\/comments?post=388"}],"version-history":[{"count":11,"href":"https:\/\/petersenpartners.de\/de\/wp-json\/wp\/v2\/pages\/388\/revisions"}],"predecessor-version":[{"id":7100,"href":"https:\/\/petersenpartners.de\/de\/wp-json\/wp\/v2\/pages\/388\/revisions\/7100"}],"up":[{"embeddable":true,"href":"https:\/\/petersenpartners.de\/de\/wp-json\/wp\/v2\/pages\/20"}],"wp:attachment":[{"href":"https:\/\/petersenpartners.de\/de\/wp-json\/wp\/v2\/media?parent=388"}],"curies":[{"name":"wp","href":"https:\/\/api.w.org\/{rel}","templated":true}]}}