{"id":382,"date":"2015-12-29T18:37:27","date_gmt":"2015-12-29T18:37:27","guid":{"rendered":"http:\/\/dev-petersenpartners.de\/?page_id=382"},"modified":"2026-04-20T12:08:40","modified_gmt":"2026-04-20T12:08:40","slug":"gesellschaftsrecht","status":"publish","type":"page","link":"https:\/\/petersenpartners.de\/de\/kompetenzen\/rechtsgebiete\/gesellschaftsrecht\/","title":{"rendered":"Gesellschaftsrecht"},"content":{"rendered":"<p>Wir beraten mittelst\u00e4ndische sowie gro\u00dfe oder b\u00f6rsennotierte, in- und ausl\u00e4ndische Unternehmen und ihre Gesellschafter\/Aktion\u00e4re, private und institutionelle Investoren, Stiftungen, Family Offices sowie die \u00f6ffentliche Hand zu allen wesentlichen Aspekten des GmbH-, Aktien-, Genossenschafts-, Stiftungs- und Konzernrechts.\u00a0Zu unseren Beratungsfeldern geh\u00f6ren:<\/p>","protected":false},"excerpt":{"rendered":"<p>Wir beraten mittelst\u00e4ndische sowie gro\u00dfe oder b\u00f6rsennotierte, in- und ausl\u00e4ndische Unternehmen und ihre Gesellschafter\/Aktion\u00e4re, private und institutionelle Investoren, Stiftungen, Family Offices sowie die \u00f6ffentliche Hand zu allen wesentlichen Aspekten des GmbH-, Aktien-, Genossenschafts-, Stiftungs- und Konzernrechts.\u00a0Zu unseren Beratungsfeldern geh\u00f6ren:<\/p>\n","protected":false},"author":1,"featured_media":0,"parent":20,"menu_order":0,"comment_status":"closed","ping_status":"closed","template":"page-tax.php","meta":{"_acf_changed":false,"footnotes":""},"class_list":["post-382","page","type-page","status-publish","hentry"],"acf":[],"_links":{"self":[{"href":"https:\/\/petersenpartners.de\/de\/wp-json\/wp\/v2\/pages\/382","targetHints":{"allow":["GET"]}}],"collection":[{"href":"https:\/\/petersenpartners.de\/de\/wp-json\/wp\/v2\/pages"}],"about":[{"href":"https:\/\/petersenpartners.de\/de\/wp-json\/wp\/v2\/types\/page"}],"author":[{"embeddable":true,"href":"https:\/\/petersenpartners.de\/de\/wp-json\/wp\/v2\/users\/1"}],"replies":[{"embeddable":true,"href":"https:\/\/petersenpartners.de\/de\/wp-json\/wp\/v2\/comments?post=382"}],"version-history":[{"count":10,"href":"https:\/\/petersenpartners.de\/de\/wp-json\/wp\/v2\/pages\/382\/revisions"}],"predecessor-version":[{"id":7139,"href":"https:\/\/petersenpartners.de\/de\/wp-json\/wp\/v2\/pages\/382\/revisions\/7139"}],"up":[{"embeddable":true,"href":"https:\/\/petersenpartners.de\/de\/wp-json\/wp\/v2\/pages\/20"}],"wp:attachment":[{"href":"https:\/\/petersenpartners.de\/de\/wp-json\/wp\/v2\/media?parent=382"}],"curies":[{"name":"wp","href":"https:\/\/api.w.org\/{rel}","templated":true}]}}