{"id":376,"date":"2015-12-29T18:34:33","date_gmt":"2015-12-29T18:34:33","guid":{"rendered":"http:\/\/dev-petersenpartners.de\/?page_id=376"},"modified":"2026-03-10T13:11:17","modified_gmt":"2026-03-10T13:11:17","slug":"bau-und-architektenrecht","status":"publish","type":"page","link":"https:\/\/petersenpartners.de\/de\/kompetenzen\/rechtsgebiete\/bau-und-architektenrecht\/","title":{"rendered":"Bau- und Architektenrecht"},"content":{"rendered":"<p>Wir beraten Bauherren, Bautr\u00e4ger, Architekten und Projektentwickler ebenso wie Generalunternehmer und bauausf\u00fchrende Unternehmen aller Gewerke in allen wesentlichen Bereichen des privaten Bau- und Architektenrechts. Dazu geh\u00f6ren insbesondere:<\/p>","protected":false},"excerpt":{"rendered":"<p>Wir beraten Bauherren, Bautr\u00e4ger, Architekten und Projektentwickler ebenso wie Generalunternehmer und bauausf\u00fchrende Unternehmen aller Gewerke in allen wesentlichen Bereichen des privaten Bau- und Architektenrechts. Dazu geh\u00f6ren insbesondere:<\/p>\n","protected":false},"author":1,"featured_media":0,"parent":20,"menu_order":0,"comment_status":"closed","ping_status":"closed","template":"page-tax.php","meta":{"_acf_changed":false,"footnotes":""},"class_list":["post-376","page","type-page","status-publish","hentry"],"acf":[],"_links":{"self":[{"href":"https:\/\/petersenpartners.de\/de\/wp-json\/wp\/v2\/pages\/376","targetHints":{"allow":["GET"]}}],"collection":[{"href":"https:\/\/petersenpartners.de\/de\/wp-json\/wp\/v2\/pages"}],"about":[{"href":"https:\/\/petersenpartners.de\/de\/wp-json\/wp\/v2\/types\/page"}],"author":[{"embeddable":true,"href":"https:\/\/petersenpartners.de\/de\/wp-json\/wp\/v2\/users\/1"}],"replies":[{"embeddable":true,"href":"https:\/\/petersenpartners.de\/de\/wp-json\/wp\/v2\/comments?post=376"}],"version-history":[{"count":10,"href":"https:\/\/petersenpartners.de\/de\/wp-json\/wp\/v2\/pages\/376\/revisions"}],"predecessor-version":[{"id":7099,"href":"https:\/\/petersenpartners.de\/de\/wp-json\/wp\/v2\/pages\/376\/revisions\/7099"}],"up":[{"embeddable":true,"href":"https:\/\/petersenpartners.de\/de\/wp-json\/wp\/v2\/pages\/20"}],"wp:attachment":[{"href":"https:\/\/petersenpartners.de\/de\/wp-json\/wp\/v2\/media?parent=376"}],"curies":[{"name":"wp","href":"https:\/\/api.w.org\/{rel}","templated":true}]}}