{"id":2413,"date":"2018-12-05T14:45:30","date_gmt":"2018-12-05T14:45:30","guid":{"rendered":"http:\/\/dev-petersenpartners.de\/?page_id=2413"},"modified":"2021-04-13T06:43:19","modified_gmt":"2021-04-13T06:43:19","slug":"branchenexpertise","status":"publish","type":"page","link":"https:\/\/petersenpartners.de\/de\/kompetenzen\/branchenexpertise\/","title":{"rendered":"Branchenexpertise"},"content":{"rendered":"<p><\/p>\n<h1>BRANCHENEXPERTISE<\/h1>\n<p>Wir kennen die M\u00e4rkte und Branchen, in denen unsere Mandanten t\u00e4tig sind. Wir bringen unsere tiefgreifende und langj\u00e4hrige Branchenerfahrung wirksam bei unserer Beratung f\u00fcr Sie ein. Nachfolgend finden Sie eine Auswahl der Branchen, die uns vertraut sind.<\/p>","protected":false},"excerpt":{"rendered":"<p>BRANCHENEXPERTISE Wir kennen die M\u00e4rkte und Branchen, in denen unsere Mandanten t\u00e4tig sind. Wir bringen unsere tiefgreifende und langj\u00e4hrige Branchenerfahrung wirksam bei unserer Beratung f\u00fcr Sie ein. Nachfolgend finden Sie eine Auswahl der Branchen, die uns vertraut sind.<\/p>\n","protected":false},"author":1,"featured_media":0,"parent":14,"menu_order":0,"comment_status":"closed","ping_status":"closed","template":"page-sector.php","meta":{"_acf_changed":false,"footnotes":""},"class_list":["post-2413","page","type-page","status-publish","hentry"],"acf":[],"_links":{"self":[{"href":"https:\/\/petersenpartners.de\/de\/wp-json\/wp\/v2\/pages\/2413","targetHints":{"allow":["GET"]}}],"collection":[{"href":"https:\/\/petersenpartners.de\/de\/wp-json\/wp\/v2\/pages"}],"about":[{"href":"https:\/\/petersenpartners.de\/de\/wp-json\/wp\/v2\/types\/page"}],"author":[{"embeddable":true,"href":"https:\/\/petersenpartners.de\/de\/wp-json\/wp\/v2\/users\/1"}],"replies":[{"embeddable":true,"href":"https:\/\/petersenpartners.de\/de\/wp-json\/wp\/v2\/comments?post=2413"}],"version-history":[{"count":15,"href":"https:\/\/petersenpartners.de\/de\/wp-json\/wp\/v2\/pages\/2413\/revisions"}],"predecessor-version":[{"id":5147,"href":"https:\/\/petersenpartners.de\/de\/wp-json\/wp\/v2\/pages\/2413\/revisions\/5147"}],"up":[{"embeddable":true,"href":"https:\/\/petersenpartners.de\/de\/wp-json\/wp\/v2\/pages\/14"}],"wp:attachment":[{"href":"https:\/\/petersenpartners.de\/de\/wp-json\/wp\/v2\/media?parent=2413"}],"curies":[{"name":"wp","href":"https:\/\/api.w.org\/{rel}","templated":true}]}}