{"id":12,"date":"2015-12-01T12:20:04","date_gmt":"2015-12-01T12:20:04","guid":{"rendered":"http:\/\/dev-petersenpartners.de\/?page_id=12"},"modified":"2021-10-21T12:25:27","modified_gmt":"2021-10-21T12:25:27","slug":"ueber-uns","status":"publish","type":"page","link":"https:\/\/petersenpartners.de\/de\/ueber-uns\/","title":{"rendered":"\u00dcber uns"},"content":{"rendered":"<p>Wir sind Ihr zuverl\u00e4ssiger Partner bei der Suche nach passgenauen und nachhaltigen L\u00f6sungen, der effizienten Betreuung Ihrer Projekte und der schnellen Verwirklichung Ihrer Ziele.<\/p>","protected":false},"excerpt":{"rendered":"<p>Wir sind Ihr zuverl\u00e4ssiger Partner bei der Suche nach passgenauen und nachhaltigen L\u00f6sungen, der effizienten Betreuung Ihrer Projekte und der schnellen Verwirklichung Ihrer Ziele.<\/p>\n","protected":false},"author":1,"featured_media":0,"parent":0,"menu_order":0,"comment_status":"closed","ping_status":"closed","template":"page-aboutus.php","meta":{"_acf_changed":false,"footnotes":""},"class_list":["post-12","page","type-page","status-publish","hentry"],"acf":[],"_links":{"self":[{"href":"https:\/\/petersenpartners.de\/de\/wp-json\/wp\/v2\/pages\/12","targetHints":{"allow":["GET"]}}],"collection":[{"href":"https:\/\/petersenpartners.de\/de\/wp-json\/wp\/v2\/pages"}],"about":[{"href":"https:\/\/petersenpartners.de\/de\/wp-json\/wp\/v2\/types\/page"}],"author":[{"embeddable":true,"href":"https:\/\/petersenpartners.de\/de\/wp-json\/wp\/v2\/users\/1"}],"replies":[{"embeddable":true,"href":"https:\/\/petersenpartners.de\/de\/wp-json\/wp\/v2\/comments?post=12"}],"version-history":[{"count":54,"href":"https:\/\/petersenpartners.de\/de\/wp-json\/wp\/v2\/pages\/12\/revisions"}],"predecessor-version":[{"id":5366,"href":"https:\/\/petersenpartners.de\/de\/wp-json\/wp\/v2\/pages\/12\/revisions\/5366"}],"wp:attachment":[{"href":"https:\/\/petersenpartners.de\/de\/wp-json\/wp\/v2\/media?parent=12"}],"curies":[{"name":"wp","href":"https:\/\/api.w.org\/{rel}","templated":true}]}}